{"id":6582,"date":"2025-11-23T18:58:24","date_gmt":"2025-11-23T18:58:24","guid":{"rendered":"https:\/\/esmmanbeauty.es\/?post_type=product&#038;p=6582"},"modified":"2026-02-26T15:25:03","modified_gmt":"2026-02-26T15:25:03","slug":"mood-color-cream","status":"publish","type":"product","link":"https:\/\/esmmanbeauty.es\/en\/product\/mood-color-cream\/","title":{"rendered":"Mood Color Cream"},"content":{"rendered":"<p>Tinte permanente profesional en crema. Cubre hasta el 100 % de las canas, para un resultado de color intenso y brillante.<\/p>\n<p>La base en crema y la f\u00f3rmula rica en principios activos facilitan la absorci\u00f3n de las mol\u00e9culas de color, intensificando as\u00ed tanto el resultado crom\u00e1tico como el cosm\u00e9tico.<\/p>\n<p>100 ml.<\/p>","protected":false},"excerpt":{"rendered":"<p>Tinte permanente profesional en crema. Cubre hasta el 100 % de las canas, para un resultado de color intenso y brillante. La base en crema y la f\u00f3rmula rica en&#8230;<\/p>","protected":false},"featured_media":6586,"comment_status":"open","ping_status":"closed","template":"","meta":[],"product_brand":[],"product_cat":[52],"product_tag":[],"class_list":{"0":"post-6582","1":"product","2":"type-product","3":"status-publish","4":"has-post-thumbnail","6":"product_cat-mood","8":"first","9":"instock","10":"taxable","11":"shipping-taxable","12":"purchasable","13":"product-type-variable","14":"has-default-attributes"},"yoast_head":"<!-- This site is optimized with the Yoast SEO plugin v26.8 - https:\/\/yoast.com\/product\/yoast-seo-wordpress\/ -->\n<title>Mood Color Cream - Esmman Beauty<\/title>\n<meta name=\"robots\" content=\"index, follow, max-snippet:-1, max-image-preview:large, max-video-preview:-1\" \/>\n<link rel=\"canonical\" href=\"https:\/\/esmmanbeauty.es\/en\/product\/mood-color-cream\/\" \/>\n<meta property=\"og:locale\" content=\"en_GB\" \/>\n<meta property=\"og:type\" content=\"article\" \/>\n<meta property=\"og:title\" content=\"Mood Color Cream - Esmman Beauty\" \/>\n<meta property=\"og:description\" content=\"Tinte permanente profesional en crema. Cubre hasta el 100 % de las canas, para un resultado de color intenso y brillante. La base en crema y la f\u00f3rmula rica en...\" \/>\n<meta property=\"og:url\" content=\"https:\/\/esmmanbeauty.es\/en\/product\/mood-color-cream\/\" \/>\n<meta property=\"og:site_name\" content=\"Esmman Beauty\" \/>\n<meta property=\"article:modified_time\" content=\"2026-02-26T15:25:03+00:00\" \/>\n<meta property=\"og:image\" content=\"https:\/\/esmmanbeauty.es\/wp-content\/uploads\/2025\/11\/color-cream-mood.webp\" \/>\n\t<meta property=\"og:image:width\" content=\"540\" \/>\n\t<meta property=\"og:image:height\" content=\"540\" \/>\n\t<meta property=\"og:image:type\" content=\"image\/webp\" \/>\n<meta name=\"twitter:card\" content=\"summary_large_image\" \/>\n<meta name=\"twitter:label1\" content=\"Estimated reading time\" \/>\n\t<meta name=\"twitter:data1\" content=\"1 minute\" \/>\n<script type=\"application\/ld+json\" class=\"yoast-schema-graph\">{\"@context\":\"https:\/\/schema.org\",\"@graph\":[{\"@type\":\"WebPage\",\"@id\":\"https:\/\/esmmanbeauty.es\/producto\/mood-color-cream\/\",\"url\":\"https:\/\/esmmanbeauty.es\/producto\/mood-color-cream\/\",\"name\":\"Mood Color Cream - Esmman Beauty\",\"isPartOf\":{\"@id\":\"https:\/\/esmmanbeauty.es\/#website\"},\"primaryImageOfPage\":{\"@id\":\"https:\/\/esmmanbeauty.es\/producto\/mood-color-cream\/#primaryimage\"},\"image\":{\"@id\":\"https:\/\/esmmanbeauty.es\/producto\/mood-color-cream\/#primaryimage\"},\"thumbnailUrl\":\"https:\/\/esmmanbeauty.es\/wp-content\/uploads\/2025\/11\/color-cream-mood.webp\",\"datePublished\":\"2025-11-23T18:58:24+00:00\",\"dateModified\":\"2026-02-26T15:25:03+00:00\",\"breadcrumb\":{\"@id\":\"https:\/\/esmmanbeauty.es\/producto\/mood-color-cream\/#breadcrumb\"},\"inLanguage\":\"en-GB\",\"potentialAction\":[{\"@type\":\"ReadAction\",\"target\":[\"https:\/\/esmmanbeauty.es\/producto\/mood-color-cream\/\"]}]},{\"@type\":\"ImageObject\",\"inLanguage\":\"en-GB\",\"@id\":\"https:\/\/esmmanbeauty.es\/producto\/mood-color-cream\/#primaryimage\",\"url\":\"https:\/\/esmmanbeauty.es\/wp-content\/uploads\/2025\/11\/color-cream-mood.webp\",\"contentUrl\":\"https:\/\/esmmanbeauty.es\/wp-content\/uploads\/2025\/11\/color-cream-mood.webp\",\"width\":540,\"height\":540},{\"@type\":\"BreadcrumbList\",\"@id\":\"https:\/\/esmmanbeauty.es\/producto\/mood-color-cream\/#breadcrumb\",\"itemListElement\":[{\"@type\":\"ListItem\",\"position\":1,\"name\":\"Portada\",\"item\":\"https:\/\/esmmanbeauty.es\/\"},{\"@type\":\"ListItem\",\"position\":2,\"name\":\"Tienda\",\"item\":\"https:\/\/esmmanbeauty.es\/tienda\/\"},{\"@type\":\"ListItem\",\"position\":3,\"name\":\"Mood Color Cream\"}]},{\"@type\":\"WebSite\",\"@id\":\"https:\/\/esmmanbeauty.es\/#website\",\"url\":\"https:\/\/esmmanbeauty.es\/\",\"name\":\"Esmman Beauty\",\"description\":\"Asistencia y venta para profesionales de la peluquer\u00eda y la est\u00e9tica\",\"potentialAction\":[{\"@type\":\"SearchAction\",\"target\":{\"@type\":\"EntryPoint\",\"urlTemplate\":\"https:\/\/esmmanbeauty.es\/?s={search_term_string}\"},\"query-input\":{\"@type\":\"PropertyValueSpecification\",\"valueRequired\":true,\"valueName\":\"search_term_string\"}}],\"inLanguage\":\"en-GB\"}]}<\/script>\n<!-- \/ Yoast SEO plugin. -->","yoast_head_json":{"title":"Mood Color Cream - Esmman Beauty","robots":{"index":"index","follow":"follow","max-snippet":"max-snippet:-1","max-image-preview":"max-image-preview:large","max-video-preview":"max-video-preview:-1"},"canonical":"https:\/\/esmmanbeauty.es\/en\/product\/mood-color-cream\/","og_locale":"en_GB","og_type":"article","og_title":"Mood Color Cream - Esmman Beauty","og_description":"Tinte permanente profesional en crema. Cubre hasta el 100 % de las canas, para un resultado de color intenso y brillante. La base en crema y la f\u00f3rmula rica en...","og_url":"https:\/\/esmmanbeauty.es\/en\/product\/mood-color-cream\/","og_site_name":"Esmman Beauty","article_modified_time":"2026-02-26T15:25:03+00:00","og_image":[{"width":540,"height":540,"url":"https:\/\/esmmanbeauty.es\/wp-content\/uploads\/2025\/11\/color-cream-mood.webp","type":"image\/webp"}],"twitter_card":"summary_large_image","twitter_misc":{"Estimated reading time":"1 minute"},"schema":{"@context":"https:\/\/schema.org","@graph":[{"@type":"WebPage","@id":"https:\/\/esmmanbeauty.es\/producto\/mood-color-cream\/","url":"https:\/\/esmmanbeauty.es\/producto\/mood-color-cream\/","name":"Mood Color Cream - Esmman Beauty","isPartOf":{"@id":"https:\/\/esmmanbeauty.es\/#website"},"primaryImageOfPage":{"@id":"https:\/\/esmmanbeauty.es\/producto\/mood-color-cream\/#primaryimage"},"image":{"@id":"https:\/\/esmmanbeauty.es\/producto\/mood-color-cream\/#primaryimage"},"thumbnailUrl":"https:\/\/esmmanbeauty.es\/wp-content\/uploads\/2025\/11\/color-cream-mood.webp","datePublished":"2025-11-23T18:58:24+00:00","dateModified":"2026-02-26T15:25:03+00:00","breadcrumb":{"@id":"https:\/\/esmmanbeauty.es\/producto\/mood-color-cream\/#breadcrumb"},"inLanguage":"en-GB","potentialAction":[{"@type":"ReadAction","target":["https:\/\/esmmanbeauty.es\/producto\/mood-color-cream\/"]}]},{"@type":"ImageObject","inLanguage":"en-GB","@id":"https:\/\/esmmanbeauty.es\/producto\/mood-color-cream\/#primaryimage","url":"https:\/\/esmmanbeauty.es\/wp-content\/uploads\/2025\/11\/color-cream-mood.webp","contentUrl":"https:\/\/esmmanbeauty.es\/wp-content\/uploads\/2025\/11\/color-cream-mood.webp","width":540,"height":540},{"@type":"BreadcrumbList","@id":"https:\/\/esmmanbeauty.es\/producto\/mood-color-cream\/#breadcrumb","itemListElement":[{"@type":"ListItem","position":1,"name":"Portada","item":"https:\/\/esmmanbeauty.es\/"},{"@type":"ListItem","position":2,"name":"Tienda","item":"https:\/\/esmmanbeauty.es\/tienda\/"},{"@type":"ListItem","position":3,"name":"Mood Color Cream"}]},{"@type":"WebSite","@id":"https:\/\/esmmanbeauty.es\/#website","url":"https:\/\/esmmanbeauty.es\/","name":"Esmman Beauty","description":"Asistencia y venta para profesionales de la peluquer\u00eda y la est\u00e9tica","potentialAction":[{"@type":"SearchAction","target":{"@type":"EntryPoint","urlTemplate":"https:\/\/esmmanbeauty.es\/?s={search_term_string}"},"query-input":{"@type":"PropertyValueSpecification","valueRequired":true,"valueName":"search_term_string"}}],"inLanguage":"en-GB"}]}},"_links":{"self":[{"href":"https:\/\/esmmanbeauty.es\/en\/wp-json\/wp\/v2\/product\/6582","targetHints":{"allow":["GET"]}}],"collection":[{"href":"https:\/\/esmmanbeauty.es\/en\/wp-json\/wp\/v2\/product"}],"about":[{"href":"https:\/\/esmmanbeauty.es\/en\/wp-json\/wp\/v2\/types\/product"}],"replies":[{"embeddable":true,"href":"https:\/\/esmmanbeauty.es\/en\/wp-json\/wp\/v2\/comments?post=6582"}],"wp:featuredmedia":[{"embeddable":true,"href":"https:\/\/esmmanbeauty.es\/en\/wp-json\/wp\/v2\/media\/6586"}],"wp:attachment":[{"href":"https:\/\/esmmanbeauty.es\/en\/wp-json\/wp\/v2\/media?parent=6582"}],"wp:term":[{"taxonomy":"product_brand","embeddable":true,"href":"https:\/\/esmmanbeauty.es\/en\/wp-json\/wp\/v2\/product_brand?post=6582"},{"taxonomy":"product_cat","embeddable":true,"href":"https:\/\/esmmanbeauty.es\/en\/wp-json\/wp\/v2\/product_cat?post=6582"},{"taxonomy":"product_tag","embeddable":true,"href":"https:\/\/esmmanbeauty.es\/en\/wp-json\/wp\/v2\/product_tag?post=6582"}],"curies":[{"name":"wp","href":"https:\/\/api.w.org\/{rel}","templated":true}]}}