{"id":6452,"date":"2025-01-02T10:07:03","date_gmt":"2025-01-02T10:07:03","guid":{"rendered":"https:\/\/esmmanbeauty.es\/?post_type=product&#038;p=6452"},"modified":"2025-01-02T10:11:04","modified_gmt":"2025-01-02T10:11:04","slug":"excellence-smoothing-shampoo","status":"publish","type":"product","link":"https:\/\/esmmanbeauty.es\/en\/product\/excellence-smoothing-shampoo\/","title":{"rendered":"Excellence Smoothing Shampoo"},"content":{"rendered":"","protected":false},"excerpt":{"rendered":"<p>Dilatador de cut\u00edculas especialmente formulado para conseguir una limpieza y preparaci\u00f3n optima para los tratamientos de Enzymotherapy TM.<\/p>\n<p>&nbsp;<\/p>\n<p class=\"text-uppercase\"><b>Testado dermatol\u00f3gicamente!<\/b><\/p>\n<hr \/>\n<div class=\"row\">\n<div class=\"col-md-8\">\n<ul>\n<li><i class=\"fa fa-check\"><\/i>\u00a0\u00a0\u00a0 Protecci\u00f3n de color.<\/li>\n<li><i class=\"fa fa-check\"><\/i>\u00a0\u00a0\u00a0 Tratamiento de cut\u00edcula.<\/li>\n<li><i class=\"fa fa-check\"><\/i>\u00a0\u00a0\u00a0 Alisamiento m\u00e1ximo.<\/li>\n<\/ul>\n<\/div>\n<\/div>","protected":false},"featured_media":6453,"comment_status":"open","ping_status":"closed","template":"","meta":[],"product_brand":[],"product_cat":[49],"product_tag":[],"class_list":{"0":"post-6452","1":"product","2":"type-product","3":"status-publish","4":"has-post-thumbnail","6":"product_cat-belma-kosmetik","8":"first","9":"outofstock","10":"taxable","11":"shipping-taxable","12":"purchasable","13":"product-type-simple"},"yoast_head":"<!-- This site is optimized with the Yoast SEO plugin v26.8 - https:\/\/yoast.com\/product\/yoast-seo-wordpress\/ -->\n<title>Excellence Smoothing Shampoo - Esmman Beauty<\/title>\n<meta name=\"robots\" content=\"index, follow, max-snippet:-1, max-image-preview:large, max-video-preview:-1\" \/>\n<link rel=\"canonical\" href=\"https:\/\/esmmanbeauty.es\/en\/product\/excellence-smoothing-shampoo\/\" \/>\n<meta property=\"og:locale\" content=\"en_GB\" \/>\n<meta property=\"og:type\" content=\"article\" \/>\n<meta property=\"og:title\" content=\"Excellence Smoothing Shampoo - Esmman Beauty\" \/>\n<meta property=\"og:description\" content=\"Dilatador de cut\u00edculas especialmente formulado para conseguir una limpieza y preparaci\u00f3n optima para los tratamientos de Enzymotherapy TM.  &nbsp; Testado dermatol\u00f3gicamente!         \u00a0\u00a0\u00a0 Protecci\u00f3n de color.  \u00a0\u00a0\u00a0 Tratamiento de cut\u00edcula.  \u00a0\u00a0\u00a0 Alisamiento m\u00e1ximo.\" \/>\n<meta property=\"og:url\" content=\"https:\/\/esmmanbeauty.es\/en\/product\/excellence-smoothing-shampoo\/\" \/>\n<meta property=\"og:site_name\" content=\"Esmman Beauty\" \/>\n<meta property=\"article:modified_time\" content=\"2025-01-02T10:11:04+00:00\" \/>\n<meta property=\"og:image\" content=\"https:\/\/esmmanbeauty.es\/wp-content\/uploads\/2025\/01\/smoothing-shampoo-belma.png\" \/>\n\t<meta property=\"og:image:width\" content=\"1764\" \/>\n\t<meta property=\"og:image:height\" content=\"2463\" \/>\n\t<meta property=\"og:image:type\" content=\"image\/png\" \/>\n<meta name=\"twitter:card\" content=\"summary_large_image\" \/>\n<script type=\"application\/ld+json\" class=\"yoast-schema-graph\">{\"@context\":\"https:\/\/schema.org\",\"@graph\":[{\"@type\":\"WebPage\",\"@id\":\"https:\/\/esmmanbeauty.es\/producto\/excellence-smoothing-shampoo\/\",\"url\":\"https:\/\/esmmanbeauty.es\/producto\/excellence-smoothing-shampoo\/\",\"name\":\"Excellence Smoothing Shampoo - Esmman Beauty\",\"isPartOf\":{\"@id\":\"https:\/\/esmmanbeauty.es\/#website\"},\"primaryImageOfPage\":{\"@id\":\"https:\/\/esmmanbeauty.es\/producto\/excellence-smoothing-shampoo\/#primaryimage\"},\"image\":{\"@id\":\"https:\/\/esmmanbeauty.es\/producto\/excellence-smoothing-shampoo\/#primaryimage\"},\"thumbnailUrl\":\"https:\/\/esmmanbeauty.es\/wp-content\/uploads\/2025\/01\/smoothing-shampoo-belma.png\",\"datePublished\":\"2025-01-02T10:07:03+00:00\",\"dateModified\":\"2025-01-02T10:11:04+00:00\",\"breadcrumb\":{\"@id\":\"https:\/\/esmmanbeauty.es\/producto\/excellence-smoothing-shampoo\/#breadcrumb\"},\"inLanguage\":\"en-GB\",\"potentialAction\":[{\"@type\":\"ReadAction\",\"target\":[\"https:\/\/esmmanbeauty.es\/producto\/excellence-smoothing-shampoo\/\"]}]},{\"@type\":\"ImageObject\",\"inLanguage\":\"en-GB\",\"@id\":\"https:\/\/esmmanbeauty.es\/producto\/excellence-smoothing-shampoo\/#primaryimage\",\"url\":\"https:\/\/esmmanbeauty.es\/wp-content\/uploads\/2025\/01\/smoothing-shampoo-belma.png\",\"contentUrl\":\"https:\/\/esmmanbeauty.es\/wp-content\/uploads\/2025\/01\/smoothing-shampoo-belma.png\",\"width\":1764,\"height\":2463},{\"@type\":\"BreadcrumbList\",\"@id\":\"https:\/\/esmmanbeauty.es\/producto\/excellence-smoothing-shampoo\/#breadcrumb\",\"itemListElement\":[{\"@type\":\"ListItem\",\"position\":1,\"name\":\"Portada\",\"item\":\"https:\/\/esmmanbeauty.es\/\"},{\"@type\":\"ListItem\",\"position\":2,\"name\":\"Tienda\",\"item\":\"https:\/\/esmmanbeauty.es\/tienda\/\"},{\"@type\":\"ListItem\",\"position\":3,\"name\":\"Excellence Smoothing Shampoo\"}]},{\"@type\":\"WebSite\",\"@id\":\"https:\/\/esmmanbeauty.es\/#website\",\"url\":\"https:\/\/esmmanbeauty.es\/\",\"name\":\"Esmman Beauty\",\"description\":\"Asistencia y venta para profesionales de la peluquer\u00eda y la est\u00e9tica\",\"potentialAction\":[{\"@type\":\"SearchAction\",\"target\":{\"@type\":\"EntryPoint\",\"urlTemplate\":\"https:\/\/esmmanbeauty.es\/?s={search_term_string}\"},\"query-input\":{\"@type\":\"PropertyValueSpecification\",\"valueRequired\":true,\"valueName\":\"search_term_string\"}}],\"inLanguage\":\"en-GB\"}]}<\/script>\n<!-- \/ Yoast SEO plugin. -->","yoast_head_json":{"title":"Excellence Smoothing Shampoo - Esmman Beauty","robots":{"index":"index","follow":"follow","max-snippet":"max-snippet:-1","max-image-preview":"max-image-preview:large","max-video-preview":"max-video-preview:-1"},"canonical":"https:\/\/esmmanbeauty.es\/en\/product\/excellence-smoothing-shampoo\/","og_locale":"en_GB","og_type":"article","og_title":"Excellence Smoothing Shampoo - Esmman Beauty","og_description":"Dilatador de cut\u00edculas especialmente formulado para conseguir una limpieza y preparaci\u00f3n optima para los tratamientos de Enzymotherapy TM.  &nbsp; Testado dermatol\u00f3gicamente!         \u00a0\u00a0\u00a0 Protecci\u00f3n de color.  \u00a0\u00a0\u00a0 Tratamiento de cut\u00edcula.  \u00a0\u00a0\u00a0 Alisamiento m\u00e1ximo.","og_url":"https:\/\/esmmanbeauty.es\/en\/product\/excellence-smoothing-shampoo\/","og_site_name":"Esmman Beauty","article_modified_time":"2025-01-02T10:11:04+00:00","og_image":[{"width":1764,"height":2463,"url":"https:\/\/esmmanbeauty.es\/wp-content\/uploads\/2025\/01\/smoothing-shampoo-belma.png","type":"image\/png"}],"twitter_card":"summary_large_image","schema":{"@context":"https:\/\/schema.org","@graph":[{"@type":"WebPage","@id":"https:\/\/esmmanbeauty.es\/producto\/excellence-smoothing-shampoo\/","url":"https:\/\/esmmanbeauty.es\/producto\/excellence-smoothing-shampoo\/","name":"Excellence Smoothing Shampoo - Esmman Beauty","isPartOf":{"@id":"https:\/\/esmmanbeauty.es\/#website"},"primaryImageOfPage":{"@id":"https:\/\/esmmanbeauty.es\/producto\/excellence-smoothing-shampoo\/#primaryimage"},"image":{"@id":"https:\/\/esmmanbeauty.es\/producto\/excellence-smoothing-shampoo\/#primaryimage"},"thumbnailUrl":"https:\/\/esmmanbeauty.es\/wp-content\/uploads\/2025\/01\/smoothing-shampoo-belma.png","datePublished":"2025-01-02T10:07:03+00:00","dateModified":"2025-01-02T10:11:04+00:00","breadcrumb":{"@id":"https:\/\/esmmanbeauty.es\/producto\/excellence-smoothing-shampoo\/#breadcrumb"},"inLanguage":"en-GB","potentialAction":[{"@type":"ReadAction","target":["https:\/\/esmmanbeauty.es\/producto\/excellence-smoothing-shampoo\/"]}]},{"@type":"ImageObject","inLanguage":"en-GB","@id":"https:\/\/esmmanbeauty.es\/producto\/excellence-smoothing-shampoo\/#primaryimage","url":"https:\/\/esmmanbeauty.es\/wp-content\/uploads\/2025\/01\/smoothing-shampoo-belma.png","contentUrl":"https:\/\/esmmanbeauty.es\/wp-content\/uploads\/2025\/01\/smoothing-shampoo-belma.png","width":1764,"height":2463},{"@type":"BreadcrumbList","@id":"https:\/\/esmmanbeauty.es\/producto\/excellence-smoothing-shampoo\/#breadcrumb","itemListElement":[{"@type":"ListItem","position":1,"name":"Portada","item":"https:\/\/esmmanbeauty.es\/"},{"@type":"ListItem","position":2,"name":"Tienda","item":"https:\/\/esmmanbeauty.es\/tienda\/"},{"@type":"ListItem","position":3,"name":"Excellence Smoothing Shampoo"}]},{"@type":"WebSite","@id":"https:\/\/esmmanbeauty.es\/#website","url":"https:\/\/esmmanbeauty.es\/","name":"Esmman Beauty","description":"Asistencia y venta para profesionales de la peluquer\u00eda y la est\u00e9tica","potentialAction":[{"@type":"SearchAction","target":{"@type":"EntryPoint","urlTemplate":"https:\/\/esmmanbeauty.es\/?s={search_term_string}"},"query-input":{"@type":"PropertyValueSpecification","valueRequired":true,"valueName":"search_term_string"}}],"inLanguage":"en-GB"}]}},"_links":{"self":[{"href":"https:\/\/esmmanbeauty.es\/en\/wp-json\/wp\/v2\/product\/6452","targetHints":{"allow":["GET"]}}],"collection":[{"href":"https:\/\/esmmanbeauty.es\/en\/wp-json\/wp\/v2\/product"}],"about":[{"href":"https:\/\/esmmanbeauty.es\/en\/wp-json\/wp\/v2\/types\/product"}],"replies":[{"embeddable":true,"href":"https:\/\/esmmanbeauty.es\/en\/wp-json\/wp\/v2\/comments?post=6452"}],"wp:featuredmedia":[{"embeddable":true,"href":"https:\/\/esmmanbeauty.es\/en\/wp-json\/wp\/v2\/media\/6453"}],"wp:attachment":[{"href":"https:\/\/esmmanbeauty.es\/en\/wp-json\/wp\/v2\/media?parent=6452"}],"wp:term":[{"taxonomy":"product_brand","embeddable":true,"href":"https:\/\/esmmanbeauty.es\/en\/wp-json\/wp\/v2\/product_brand?post=6452"},{"taxonomy":"product_cat","embeddable":true,"href":"https:\/\/esmmanbeauty.es\/en\/wp-json\/wp\/v2\/product_cat?post=6452"},{"taxonomy":"product_tag","embeddable":true,"href":"https:\/\/esmmanbeauty.es\/en\/wp-json\/wp\/v2\/product_tag?post=6452"}],"curies":[{"name":"wp","href":"https:\/\/api.w.org\/{rel}","templated":true}]}}