{"id":6450,"date":"2025-01-02T09:59:46","date_gmt":"2025-01-02T09:59:46","guid":{"rendered":"https:\/\/esmmanbeauty.es\/?post_type=product&#038;p=6450"},"modified":"2025-01-02T10:05:11","modified_gmt":"2025-01-02T10:05:11","slug":"pack-aceite-de-argan","status":"publish","type":"product","link":"https:\/\/esmmanbeauty.es\/en\/product\/pack-aceite-de-argan\/","title":{"rendered":"Pack Aceite de Arg\u00e1n"},"content":{"rendered":"","protected":false},"excerpt":{"rendered":"<h3><strong>1 &#8211; Champ\u00fa de arg\u00e1n mantenimiento para todo tipo de cabellos.<\/strong><\/h3>\n<p><strong>Formato: 500 ml<\/strong><\/p>\n<p>Champ\u00fa de arg\u00e1n libre de sulfatos, sales y parabenos, para el mantenimiento , aporta a tu cabello todos los nutrientes necesarios para mantener un cabello sano.<\/p>\n<h3><strong>2 &#8211; Mascarilla de arg\u00e1n mantenimiento para todo tipo de cabellos.<\/strong><\/h3>\n<p><strong>Formato: 500 ml<\/strong><\/p>\n<p>Mascarilla Argan oil es rica en vitaminas A y F, agentes antioxidantes y minerales que protegen la fibra capilar de las agresiones externas diarias e hidratan profundamente todas las capas del cabello dejando un cabello sedoso, hidratados y con brillo, garantizan cabellos lisos por mucho m\u00e1s tiempo.<\/p>\n<h3><strong>3 &#8211; Aceite de arg\u00e1n-S\u00e9rum<\/strong><\/h3>\n<p><strong>Formato: 100 ml<\/strong><\/p>\n<p>Especialmente formulado para proteger el cabello de los agentes externos y el calor de las planchas y secadores, aporta suavidad y brillo como ning\u00fan otro, enriquecido con vitaminas y enzimas.<\/p>\n<p><strong>Funcionalidad:<\/strong><\/p>","protected":false},"featured_media":6451,"comment_status":"open","ping_status":"closed","template":"","meta":[],"product_brand":[],"product_cat":[49],"product_tag":[],"class_list":{"0":"post-6450","1":"product","2":"type-product","3":"status-publish","4":"has-post-thumbnail","6":"product_cat-belma-kosmetik","8":"first","9":"outofstock","10":"taxable","11":"shipping-taxable","12":"purchasable","13":"product-type-simple"},"yoast_head":"<!-- This site is optimized with the Yoast SEO plugin v26.8 - https:\/\/yoast.com\/product\/yoast-seo-wordpress\/ -->\n<title>Pack Aceite de Arg\u00e1n - Esmman Beauty<\/title>\n<meta name=\"robots\" content=\"index, follow, max-snippet:-1, max-image-preview:large, max-video-preview:-1\" \/>\n<link rel=\"canonical\" href=\"https:\/\/esmmanbeauty.es\/en\/product\/pack-aceite-de-argan\/\" \/>\n<meta property=\"og:locale\" content=\"en_GB\" \/>\n<meta property=\"og:type\" content=\"article\" \/>\n<meta property=\"og:title\" content=\"Pack Aceite de Arg\u00e1n - Esmman Beauty\" \/>\n<meta property=\"og:description\" content=\"1 - Champ\u00fa de arg\u00e1n mantenimiento para todo tipo de cabellos. Formato: 500 ml  Champ\u00fa de arg\u00e1n libre de sulfatos, sales y parabenos, para el mantenimiento , aporta a tu cabello todos los nutrientes necesarios para mantener un cabello sano. 2 - Mascarilla de arg\u00e1n mantenimiento para todo tipo de cabellos. Formato: 500 ml  Mascarilla Argan oil es rica en vitaminas A y F, agentes antioxidantes y minerales que protegen la fibra capilar de las agresiones externas diarias e hidratan profundamente todas las capas del cabello dejando un cabello sedoso, hidratados y con brillo, garantizan cabellos lisos por mucho m\u00e1s tiempo. 3 - Aceite de arg\u00e1n-S\u00e9rum Formato: 100 ml  Especialmente formulado para proteger el cabello de los agentes externos y el calor de las planchas y secadores, aporta suavidad y brillo como ning\u00fan otro, enriquecido con vitaminas y enzimas.  Funcionalidad:\" \/>\n<meta property=\"og:url\" content=\"https:\/\/esmmanbeauty.es\/en\/product\/pack-aceite-de-argan\/\" \/>\n<meta property=\"og:site_name\" content=\"Esmman Beauty\" \/>\n<meta property=\"article:modified_time\" content=\"2025-01-02T10:05:11+00:00\" \/>\n<meta property=\"og:image\" content=\"https:\/\/esmmanbeauty.es\/wp-content\/uploads\/2025\/01\/pack-argan-belma-733x1024.png\" \/>\n\t<meta property=\"og:image:width\" content=\"733\" \/>\n\t<meta property=\"og:image:height\" content=\"1024\" \/>\n\t<meta property=\"og:image:type\" content=\"image\/png\" \/>\n<meta name=\"twitter:card\" content=\"summary_large_image\" \/>\n<script type=\"application\/ld+json\" class=\"yoast-schema-graph\">{\"@context\":\"https:\/\/schema.org\",\"@graph\":[{\"@type\":\"WebPage\",\"@id\":\"https:\/\/esmmanbeauty.es\/producto\/pack-aceite-de-argan\/\",\"url\":\"https:\/\/esmmanbeauty.es\/producto\/pack-aceite-de-argan\/\",\"name\":\"Pack Aceite de Arg\u00e1n - Esmman Beauty\",\"isPartOf\":{\"@id\":\"https:\/\/esmmanbeauty.es\/#website\"},\"primaryImageOfPage\":{\"@id\":\"https:\/\/esmmanbeauty.es\/producto\/pack-aceite-de-argan\/#primaryimage\"},\"image\":{\"@id\":\"https:\/\/esmmanbeauty.es\/producto\/pack-aceite-de-argan\/#primaryimage\"},\"thumbnailUrl\":\"https:\/\/esmmanbeauty.es\/wp-content\/uploads\/2025\/01\/pack-argan-belma.png\",\"datePublished\":\"2025-01-02T09:59:46+00:00\",\"dateModified\":\"2025-01-02T10:05:11+00:00\",\"breadcrumb\":{\"@id\":\"https:\/\/esmmanbeauty.es\/producto\/pack-aceite-de-argan\/#breadcrumb\"},\"inLanguage\":\"en-GB\",\"potentialAction\":[{\"@type\":\"ReadAction\",\"target\":[\"https:\/\/esmmanbeauty.es\/producto\/pack-aceite-de-argan\/\"]}]},{\"@type\":\"ImageObject\",\"inLanguage\":\"en-GB\",\"@id\":\"https:\/\/esmmanbeauty.es\/producto\/pack-aceite-de-argan\/#primaryimage\",\"url\":\"https:\/\/esmmanbeauty.es\/wp-content\/uploads\/2025\/01\/pack-argan-belma.png\",\"contentUrl\":\"https:\/\/esmmanbeauty.es\/wp-content\/uploads\/2025\/01\/pack-argan-belma.png\",\"width\":1764,\"height\":2463},{\"@type\":\"BreadcrumbList\",\"@id\":\"https:\/\/esmmanbeauty.es\/producto\/pack-aceite-de-argan\/#breadcrumb\",\"itemListElement\":[{\"@type\":\"ListItem\",\"position\":1,\"name\":\"Portada\",\"item\":\"https:\/\/esmmanbeauty.es\/\"},{\"@type\":\"ListItem\",\"position\":2,\"name\":\"Tienda\",\"item\":\"https:\/\/esmmanbeauty.es\/tienda\/\"},{\"@type\":\"ListItem\",\"position\":3,\"name\":\"Pack Aceite de Arg\u00e1n\"}]},{\"@type\":\"WebSite\",\"@id\":\"https:\/\/esmmanbeauty.es\/#website\",\"url\":\"https:\/\/esmmanbeauty.es\/\",\"name\":\"Esmman Beauty\",\"description\":\"Asistencia y venta para profesionales de la peluquer\u00eda y la est\u00e9tica\",\"potentialAction\":[{\"@type\":\"SearchAction\",\"target\":{\"@type\":\"EntryPoint\",\"urlTemplate\":\"https:\/\/esmmanbeauty.es\/?s={search_term_string}\"},\"query-input\":{\"@type\":\"PropertyValueSpecification\",\"valueRequired\":true,\"valueName\":\"search_term_string\"}}],\"inLanguage\":\"en-GB\"}]}<\/script>\n<!-- \/ Yoast SEO plugin. -->","yoast_head_json":{"title":"Pack Aceite de Arg\u00e1n - Esmman Beauty","robots":{"index":"index","follow":"follow","max-snippet":"max-snippet:-1","max-image-preview":"max-image-preview:large","max-video-preview":"max-video-preview:-1"},"canonical":"https:\/\/esmmanbeauty.es\/en\/product\/pack-aceite-de-argan\/","og_locale":"en_GB","og_type":"article","og_title":"Pack Aceite de Arg\u00e1n - Esmman Beauty","og_description":"1 - Champ\u00fa de arg\u00e1n mantenimiento para todo tipo de cabellos. Formato: 500 ml  Champ\u00fa de arg\u00e1n libre de sulfatos, sales y parabenos, para el mantenimiento , aporta a tu cabello todos los nutrientes necesarios para mantener un cabello sano. 2 - Mascarilla de arg\u00e1n mantenimiento para todo tipo de cabellos. Formato: 500 ml  Mascarilla Argan oil es rica en vitaminas A y F, agentes antioxidantes y minerales que protegen la fibra capilar de las agresiones externas diarias e hidratan profundamente todas las capas del cabello dejando un cabello sedoso, hidratados y con brillo, garantizan cabellos lisos por mucho m\u00e1s tiempo. 3 - Aceite de arg\u00e1n-S\u00e9rum Formato: 100 ml  Especialmente formulado para proteger el cabello de los agentes externos y el calor de las planchas y secadores, aporta suavidad y brillo como ning\u00fan otro, enriquecido con vitaminas y enzimas.  Funcionalidad:","og_url":"https:\/\/esmmanbeauty.es\/en\/product\/pack-aceite-de-argan\/","og_site_name":"Esmman Beauty","article_modified_time":"2025-01-02T10:05:11+00:00","og_image":[{"width":733,"height":1024,"url":"https:\/\/esmmanbeauty.es\/wp-content\/uploads\/2025\/01\/pack-argan-belma-733x1024.png","type":"image\/png"}],"twitter_card":"summary_large_image","schema":{"@context":"https:\/\/schema.org","@graph":[{"@type":"WebPage","@id":"https:\/\/esmmanbeauty.es\/producto\/pack-aceite-de-argan\/","url":"https:\/\/esmmanbeauty.es\/producto\/pack-aceite-de-argan\/","name":"Pack Aceite de Arg\u00e1n - Esmman Beauty","isPartOf":{"@id":"https:\/\/esmmanbeauty.es\/#website"},"primaryImageOfPage":{"@id":"https:\/\/esmmanbeauty.es\/producto\/pack-aceite-de-argan\/#primaryimage"},"image":{"@id":"https:\/\/esmmanbeauty.es\/producto\/pack-aceite-de-argan\/#primaryimage"},"thumbnailUrl":"https:\/\/esmmanbeauty.es\/wp-content\/uploads\/2025\/01\/pack-argan-belma.png","datePublished":"2025-01-02T09:59:46+00:00","dateModified":"2025-01-02T10:05:11+00:00","breadcrumb":{"@id":"https:\/\/esmmanbeauty.es\/producto\/pack-aceite-de-argan\/#breadcrumb"},"inLanguage":"en-GB","potentialAction":[{"@type":"ReadAction","target":["https:\/\/esmmanbeauty.es\/producto\/pack-aceite-de-argan\/"]}]},{"@type":"ImageObject","inLanguage":"en-GB","@id":"https:\/\/esmmanbeauty.es\/producto\/pack-aceite-de-argan\/#primaryimage","url":"https:\/\/esmmanbeauty.es\/wp-content\/uploads\/2025\/01\/pack-argan-belma.png","contentUrl":"https:\/\/esmmanbeauty.es\/wp-content\/uploads\/2025\/01\/pack-argan-belma.png","width":1764,"height":2463},{"@type":"BreadcrumbList","@id":"https:\/\/esmmanbeauty.es\/producto\/pack-aceite-de-argan\/#breadcrumb","itemListElement":[{"@type":"ListItem","position":1,"name":"Portada","item":"https:\/\/esmmanbeauty.es\/"},{"@type":"ListItem","position":2,"name":"Tienda","item":"https:\/\/esmmanbeauty.es\/tienda\/"},{"@type":"ListItem","position":3,"name":"Pack Aceite de Arg\u00e1n"}]},{"@type":"WebSite","@id":"https:\/\/esmmanbeauty.es\/#website","url":"https:\/\/esmmanbeauty.es\/","name":"Esmman Beauty","description":"Asistencia y venta para profesionales de la peluquer\u00eda y la est\u00e9tica","potentialAction":[{"@type":"SearchAction","target":{"@type":"EntryPoint","urlTemplate":"https:\/\/esmmanbeauty.es\/?s={search_term_string}"},"query-input":{"@type":"PropertyValueSpecification","valueRequired":true,"valueName":"search_term_string"}}],"inLanguage":"en-GB"}]}},"_links":{"self":[{"href":"https:\/\/esmmanbeauty.es\/en\/wp-json\/wp\/v2\/product\/6450","targetHints":{"allow":["GET"]}}],"collection":[{"href":"https:\/\/esmmanbeauty.es\/en\/wp-json\/wp\/v2\/product"}],"about":[{"href":"https:\/\/esmmanbeauty.es\/en\/wp-json\/wp\/v2\/types\/product"}],"replies":[{"embeddable":true,"href":"https:\/\/esmmanbeauty.es\/en\/wp-json\/wp\/v2\/comments?post=6450"}],"wp:featuredmedia":[{"embeddable":true,"href":"https:\/\/esmmanbeauty.es\/en\/wp-json\/wp\/v2\/media\/6451"}],"wp:attachment":[{"href":"https:\/\/esmmanbeauty.es\/en\/wp-json\/wp\/v2\/media?parent=6450"}],"wp:term":[{"taxonomy":"product_brand","embeddable":true,"href":"https:\/\/esmmanbeauty.es\/en\/wp-json\/wp\/v2\/product_brand?post=6450"},{"taxonomy":"product_cat","embeddable":true,"href":"https:\/\/esmmanbeauty.es\/en\/wp-json\/wp\/v2\/product_cat?post=6450"},{"taxonomy":"product_tag","embeddable":true,"href":"https:\/\/esmmanbeauty.es\/en\/wp-json\/wp\/v2\/product_tag?post=6450"}],"curies":[{"name":"wp","href":"https:\/\/api.w.org\/{rel}","templated":true}]}}