{"id":6447,"date":"2025-01-02T09:56:31","date_gmt":"2025-01-02T09:56:31","guid":{"rendered":"https:\/\/esmmanbeauty.es\/?post_type=product&#038;p=6447"},"modified":"2025-01-02T09:58:15","modified_gmt":"2025-01-02T09:58:15","slug":"champu-para-cabello-seco","status":"publish","type":"product","link":"https:\/\/esmmanbeauty.es\/en\/product\/champu-para-cabello-seco\/","title":{"rendered":"Champ\u00fa para Cabello Seco"},"content":{"rendered":"","protected":false},"excerpt":{"rendered":"<h3 id=\"product-component-1602668558464\">Champ\u00fa cabello seco y da\u00f1ado Hs Milano 1000 ml.<\/h3>\n<p><span class=\"TextRun SCXW119840307 BCX0\" lang=\"ES-ES\" xml:lang=\"ES-ES\" data-contrast=\"auto\"><span class=\"NormalTextRun SCXW119840307 BCX0\">El Champ\u00fa cabello seco y da\u00f1ado Hs Milano 1000 ml es ideal para cabellos secos y da\u00f1ados. F\u00f3rmula de ingredientes que ayudan a nutrir e hidratar la fibra capilar para que recupere su equilibrio fisiol\u00f3gico mediante su acci\u00f3n reestructurante de sus activos. F\u00f3rmula con Aceite de Oliva, Aceite de Almendras Dulces y Aceite de Camelia.\u00a0<\/span><\/span><span class=\"TextRun SCXW119840307 BCX0\" lang=\"ES-ES\" xml:lang=\"ES-ES\" data-contrast=\"auto\"><span class=\"NormalTextRun SCXW119840307 BCX0\">S<\/span><\/span><span class=\"TextRun SCXW119840307 BCX0\" lang=\"ES-ES\" xml:lang=\"ES-ES\" data-contrast=\"auto\"><span class=\"NormalTextRun SCXW119840307 BCX0\">in\u00a0<\/span><\/span><span class=\"TextRun SCXW119840307 BCX0\" lang=\"ES-ES\" xml:lang=\"ES-ES\" data-contrast=\"auto\"><span class=\"NormalTextRun SpellingErrorV2 SCXW119840307 BCX0\">sls<\/span><\/span><span class=\"TextRun SCXW119840307 BCX0\" lang=\"ES-ES\" xml:lang=\"ES-ES\" data-contrast=\"auto\"><span class=\"NormalTextRun SCXW119840307 BCX0\">\u00a0o\u00a0<\/span><\/span><span class=\"TextRun SCXW119840307 BCX0\" lang=\"ES-ES\" xml:lang=\"ES-ES\" data-contrast=\"auto\"><span class=\"NormalTextRun SpellingErrorV2 SCXW119840307 BCX0\">sles<\/span><\/span><span class=\"TextRun SCXW119840307 BCX0\" lang=\"ES-ES\" xml:lang=\"ES-ES\" data-contrast=\"auto\"><span class=\"NormalTextRun SCXW119840307 BCX0\">; siliconas; parabenos; colorantes artificiales; perfumes con al\u00e9rgenos,\u00a0con sustancias funcionales vegetales t\u00edpicas del territorio italiano<\/span><\/span><span class=\"LineBreakBlob BlobObject DragDrop SCXW119840307 BCX0\"><span class=\"SCXW119840307 BCX0\">\u00a0<\/span><\/span><\/p>\n<p><strong>Champ\u00fa cabello seco y da\u00f1ado Hs Milano 1000 ml, a<span class=\"TextRun SCXW119840307 BCX0\" lang=\"ES-ES\" xml:lang=\"ES-ES\" data-contrast=\"auto\"><span class=\"NormalTextRun SCXW119840307 BCX0\">gentes activos, acci\u00f3n y beneficios:<\/span><\/span><\/strong><span class=\"LineBreakBlob BlobObject DragDrop SCXW119840307 BCX0\"><strong><span class=\"SCXW119840307 BCX0\">\u00a0<\/span><\/strong><br class=\"SCXW119840307 BCX0\" \/><\/span><\/p>\n<p><span class=\"TextRun SCXW119840307 BCX0\" lang=\"ES-ES\" xml:lang=\"ES-ES\" data-contrast=\"auto\"><span class=\"NormalTextRun SCXW119840307 BCX0\">Aceite de Oliva:\u00a0Act\u00faa como antioxidante aportando suavidad, volumen y luminosidad al cabello.<\/span><\/span><\/p>\n<p><span class=\"TextRun SCXW119840307 BCX0\" lang=\"ES-ES\" xml:lang=\"ES-ES\" data-contrast=\"auto\"><span class=\"NormalTextRun SCXW119840307 BCX0\">Aceite de Almendras Dulces: Favorece el crecimiento del cabello y la microcirculaci\u00f3n del cuero cabelludo, mejorando su salud. Los \u00e1cidos grasos penetran a fondo en la fibra capilar hidrat\u00e1ndola y nutri\u00e9ndola<\/span><\/span><\/p>\n<p><span class=\"TextRun SCXW119840307 BCX0\" lang=\"ES-ES\" xml:lang=\"ES-ES\" data-contrast=\"auto\"><span class=\"NormalTextRun SCXW119840307 BCX0\">Aceite de Camelia: Aporta\u00a0brillo y suavidad al cabello estropeado y seco.\u00a0Purifica el cuero cabelludo y deja el cabello liso, fuerte y brillante.<\/span><\/span><\/p>","protected":false},"featured_media":6448,"comment_status":"open","ping_status":"closed","template":"","meta":[],"product_brand":[],"product_cat":[50],"product_tag":[],"class_list":{"0":"post-6447","1":"product","2":"type-product","3":"status-publish","4":"has-post-thumbnail","6":"product_cat-hs-milano","8":"first","9":"outofstock","10":"taxable","11":"shipping-taxable","12":"purchasable","13":"product-type-simple"},"yoast_head":"<!-- This site is optimized with the Yoast SEO plugin v26.8 - https:\/\/yoast.com\/product\/yoast-seo-wordpress\/ -->\n<title>Champ\u00fa para Cabello Seco - Esmman Beauty<\/title>\n<meta name=\"robots\" content=\"index, follow, max-snippet:-1, max-image-preview:large, max-video-preview:-1\" \/>\n<link rel=\"canonical\" href=\"https:\/\/esmmanbeauty.es\/en\/product\/champu-para-cabello-seco\/\" \/>\n<meta property=\"og:locale\" content=\"en_GB\" \/>\n<meta property=\"og:type\" content=\"article\" \/>\n<meta property=\"og:title\" content=\"Champ\u00fa para Cabello Seco - Esmman Beauty\" \/>\n<meta property=\"og:description\" content=\"Champ\u00fa cabello seco y da\u00f1ado Hs Milano 1000 ml. El Champ\u00fa cabello seco y da\u00f1ado Hs Milano 1000 ml es ideal para cabellos secos y da\u00f1ados. F\u00f3rmula de ingredientes que ayudan a nutrir e hidratar la fibra capilar para que recupere su equilibrio fisiol\u00f3gico mediante su acci\u00f3n reestructurante de sus activos. F\u00f3rmula con Aceite de Oliva, Aceite de Almendras Dulces y Aceite de Camelia.\u00a0Sin\u00a0sls\u00a0o\u00a0sles; siliconas; parabenos; colorantes artificiales; perfumes con al\u00e9rgenos,\u00a0con sustancias funcionales vegetales t\u00edpicas del territorio italiano\u00a0  Champ\u00fa cabello seco y da\u00f1ado Hs Milano 1000 ml, agentes activos, acci\u00f3n y beneficios:\u00a0  Aceite de Oliva:\u00a0Act\u00faa como antioxidante aportando suavidad, volumen y luminosidad al cabello.  Aceite de Almendras Dulces: Favorece el crecimiento del cabello y la microcirculaci\u00f3n del cuero cabelludo, mejorando su salud. Los \u00e1cidos grasos penetran a fondo en la fibra capilar hidrat\u00e1ndola y nutri\u00e9ndola  Aceite de Camelia: Aporta\u00a0brillo y suavidad al cabello estropeado y seco.\u00a0Purifica el cuero cabelludo y deja el cabello liso, fuerte y brillante.\" \/>\n<meta property=\"og:url\" content=\"https:\/\/esmmanbeauty.es\/en\/product\/champu-para-cabello-seco\/\" \/>\n<meta property=\"og:site_name\" content=\"Esmman Beauty\" \/>\n<meta property=\"article:modified_time\" content=\"2025-01-02T09:58:15+00:00\" \/>\n<meta property=\"og:image\" content=\"https:\/\/esmmanbeauty.es\/wp-content\/uploads\/2025\/01\/champu-cabello-seco.png\" \/>\n\t<meta property=\"og:image:width\" content=\"1764\" \/>\n\t<meta property=\"og:image:height\" content=\"2463\" \/>\n\t<meta property=\"og:image:type\" content=\"image\/png\" \/>\n<meta name=\"twitter:card\" content=\"summary_large_image\" \/>\n<script type=\"application\/ld+json\" class=\"yoast-schema-graph\">{\"@context\":\"https:\/\/schema.org\",\"@graph\":[{\"@type\":\"WebPage\",\"@id\":\"https:\/\/esmmanbeauty.es\/producto\/champu-para-cabello-seco\/\",\"url\":\"https:\/\/esmmanbeauty.es\/producto\/champu-para-cabello-seco\/\",\"name\":\"Champ\u00fa para Cabello Seco - Esmman Beauty\",\"isPartOf\":{\"@id\":\"https:\/\/esmmanbeauty.es\/#website\"},\"primaryImageOfPage\":{\"@id\":\"https:\/\/esmmanbeauty.es\/producto\/champu-para-cabello-seco\/#primaryimage\"},\"image\":{\"@id\":\"https:\/\/esmmanbeauty.es\/producto\/champu-para-cabello-seco\/#primaryimage\"},\"thumbnailUrl\":\"https:\/\/esmmanbeauty.es\/wp-content\/uploads\/2025\/01\/champu-cabello-seco.png\",\"datePublished\":\"2025-01-02T09:56:31+00:00\",\"dateModified\":\"2025-01-02T09:58:15+00:00\",\"breadcrumb\":{\"@id\":\"https:\/\/esmmanbeauty.es\/producto\/champu-para-cabello-seco\/#breadcrumb\"},\"inLanguage\":\"en-GB\",\"potentialAction\":[{\"@type\":\"ReadAction\",\"target\":[\"https:\/\/esmmanbeauty.es\/producto\/champu-para-cabello-seco\/\"]}]},{\"@type\":\"ImageObject\",\"inLanguage\":\"en-GB\",\"@id\":\"https:\/\/esmmanbeauty.es\/producto\/champu-para-cabello-seco\/#primaryimage\",\"url\":\"https:\/\/esmmanbeauty.es\/wp-content\/uploads\/2025\/01\/champu-cabello-seco.png\",\"contentUrl\":\"https:\/\/esmmanbeauty.es\/wp-content\/uploads\/2025\/01\/champu-cabello-seco.png\",\"width\":1764,\"height\":2463},{\"@type\":\"BreadcrumbList\",\"@id\":\"https:\/\/esmmanbeauty.es\/producto\/champu-para-cabello-seco\/#breadcrumb\",\"itemListElement\":[{\"@type\":\"ListItem\",\"position\":1,\"name\":\"Portada\",\"item\":\"https:\/\/esmmanbeauty.es\/\"},{\"@type\":\"ListItem\",\"position\":2,\"name\":\"Tienda\",\"item\":\"https:\/\/esmmanbeauty.es\/tienda\/\"},{\"@type\":\"ListItem\",\"position\":3,\"name\":\"Champ\u00fa para Cabello Seco\"}]},{\"@type\":\"WebSite\",\"@id\":\"https:\/\/esmmanbeauty.es\/#website\",\"url\":\"https:\/\/esmmanbeauty.es\/\",\"name\":\"Esmman Beauty\",\"description\":\"Asistencia y venta para profesionales de la peluquer\u00eda y la est\u00e9tica\",\"potentialAction\":[{\"@type\":\"SearchAction\",\"target\":{\"@type\":\"EntryPoint\",\"urlTemplate\":\"https:\/\/esmmanbeauty.es\/?s={search_term_string}\"},\"query-input\":{\"@type\":\"PropertyValueSpecification\",\"valueRequired\":true,\"valueName\":\"search_term_string\"}}],\"inLanguage\":\"en-GB\"}]}<\/script>\n<!-- \/ Yoast SEO plugin. -->","yoast_head_json":{"title":"Champ\u00fa para Cabello Seco - Esmman Beauty","robots":{"index":"index","follow":"follow","max-snippet":"max-snippet:-1","max-image-preview":"max-image-preview:large","max-video-preview":"max-video-preview:-1"},"canonical":"https:\/\/esmmanbeauty.es\/en\/product\/champu-para-cabello-seco\/","og_locale":"en_GB","og_type":"article","og_title":"Champ\u00fa para Cabello Seco - Esmman Beauty","og_description":"Champ\u00fa cabello seco y da\u00f1ado Hs Milano 1000 ml. El Champ\u00fa cabello seco y da\u00f1ado Hs Milano 1000 ml es ideal para cabellos secos y da\u00f1ados. F\u00f3rmula de ingredientes que ayudan a nutrir e hidratar la fibra capilar para que recupere su equilibrio fisiol\u00f3gico mediante su acci\u00f3n reestructurante de sus activos. F\u00f3rmula con Aceite de Oliva, Aceite de Almendras Dulces y Aceite de Camelia.\u00a0Sin\u00a0sls\u00a0o\u00a0sles; siliconas; parabenos; colorantes artificiales; perfumes con al\u00e9rgenos,\u00a0con sustancias funcionales vegetales t\u00edpicas del territorio italiano\u00a0  Champ\u00fa cabello seco y da\u00f1ado Hs Milano 1000 ml, agentes activos, acci\u00f3n y beneficios:\u00a0  Aceite de Oliva:\u00a0Act\u00faa como antioxidante aportando suavidad, volumen y luminosidad al cabello.  Aceite de Almendras Dulces: Favorece el crecimiento del cabello y la microcirculaci\u00f3n del cuero cabelludo, mejorando su salud. Los \u00e1cidos grasos penetran a fondo en la fibra capilar hidrat\u00e1ndola y nutri\u00e9ndola  Aceite de Camelia: Aporta\u00a0brillo y suavidad al cabello estropeado y seco.\u00a0Purifica el cuero cabelludo y deja el cabello liso, fuerte y brillante.","og_url":"https:\/\/esmmanbeauty.es\/en\/product\/champu-para-cabello-seco\/","og_site_name":"Esmman Beauty","article_modified_time":"2025-01-02T09:58:15+00:00","og_image":[{"width":1764,"height":2463,"url":"https:\/\/esmmanbeauty.es\/wp-content\/uploads\/2025\/01\/champu-cabello-seco.png","type":"image\/png"}],"twitter_card":"summary_large_image","schema":{"@context":"https:\/\/schema.org","@graph":[{"@type":"WebPage","@id":"https:\/\/esmmanbeauty.es\/producto\/champu-para-cabello-seco\/","url":"https:\/\/esmmanbeauty.es\/producto\/champu-para-cabello-seco\/","name":"Champ\u00fa para Cabello Seco - Esmman Beauty","isPartOf":{"@id":"https:\/\/esmmanbeauty.es\/#website"},"primaryImageOfPage":{"@id":"https:\/\/esmmanbeauty.es\/producto\/champu-para-cabello-seco\/#primaryimage"},"image":{"@id":"https:\/\/esmmanbeauty.es\/producto\/champu-para-cabello-seco\/#primaryimage"},"thumbnailUrl":"https:\/\/esmmanbeauty.es\/wp-content\/uploads\/2025\/01\/champu-cabello-seco.png","datePublished":"2025-01-02T09:56:31+00:00","dateModified":"2025-01-02T09:58:15+00:00","breadcrumb":{"@id":"https:\/\/esmmanbeauty.es\/producto\/champu-para-cabello-seco\/#breadcrumb"},"inLanguage":"en-GB","potentialAction":[{"@type":"ReadAction","target":["https:\/\/esmmanbeauty.es\/producto\/champu-para-cabello-seco\/"]}]},{"@type":"ImageObject","inLanguage":"en-GB","@id":"https:\/\/esmmanbeauty.es\/producto\/champu-para-cabello-seco\/#primaryimage","url":"https:\/\/esmmanbeauty.es\/wp-content\/uploads\/2025\/01\/champu-cabello-seco.png","contentUrl":"https:\/\/esmmanbeauty.es\/wp-content\/uploads\/2025\/01\/champu-cabello-seco.png","width":1764,"height":2463},{"@type":"BreadcrumbList","@id":"https:\/\/esmmanbeauty.es\/producto\/champu-para-cabello-seco\/#breadcrumb","itemListElement":[{"@type":"ListItem","position":1,"name":"Portada","item":"https:\/\/esmmanbeauty.es\/"},{"@type":"ListItem","position":2,"name":"Tienda","item":"https:\/\/esmmanbeauty.es\/tienda\/"},{"@type":"ListItem","position":3,"name":"Champ\u00fa para Cabello Seco"}]},{"@type":"WebSite","@id":"https:\/\/esmmanbeauty.es\/#website","url":"https:\/\/esmmanbeauty.es\/","name":"Esmman Beauty","description":"Asistencia y venta para profesionales de la peluquer\u00eda y la est\u00e9tica","potentialAction":[{"@type":"SearchAction","target":{"@type":"EntryPoint","urlTemplate":"https:\/\/esmmanbeauty.es\/?s={search_term_string}"},"query-input":{"@type":"PropertyValueSpecification","valueRequired":true,"valueName":"search_term_string"}}],"inLanguage":"en-GB"}]}},"_links":{"self":[{"href":"https:\/\/esmmanbeauty.es\/en\/wp-json\/wp\/v2\/product\/6447","targetHints":{"allow":["GET"]}}],"collection":[{"href":"https:\/\/esmmanbeauty.es\/en\/wp-json\/wp\/v2\/product"}],"about":[{"href":"https:\/\/esmmanbeauty.es\/en\/wp-json\/wp\/v2\/types\/product"}],"replies":[{"embeddable":true,"href":"https:\/\/esmmanbeauty.es\/en\/wp-json\/wp\/v2\/comments?post=6447"}],"wp:featuredmedia":[{"embeddable":true,"href":"https:\/\/esmmanbeauty.es\/en\/wp-json\/wp\/v2\/media\/6448"}],"wp:attachment":[{"href":"https:\/\/esmmanbeauty.es\/en\/wp-json\/wp\/v2\/media?parent=6447"}],"wp:term":[{"taxonomy":"product_brand","embeddable":true,"href":"https:\/\/esmmanbeauty.es\/en\/wp-json\/wp\/v2\/product_brand?post=6447"},{"taxonomy":"product_cat","embeddable":true,"href":"https:\/\/esmmanbeauty.es\/en\/wp-json\/wp\/v2\/product_cat?post=6447"},{"taxonomy":"product_tag","embeddable":true,"href":"https:\/\/esmmanbeauty.es\/en\/wp-json\/wp\/v2\/product_tag?post=6447"}],"curies":[{"name":"wp","href":"https:\/\/api.w.org\/{rel}","templated":true}]}}