{"id":6445,"date":"2025-01-02T09:52:51","date_gmt":"2025-01-02T09:52:51","guid":{"rendered":"https:\/\/esmmanbeauty.es\/?post_type=product&#038;p=6445"},"modified":"2025-01-02T09:56:22","modified_gmt":"2025-01-02T09:56:22","slug":"bb-fusion-mask-copia","status":"publish","type":"product","link":"https:\/\/esmmanbeauty.es\/en\/product\/bb-fusion-mask-copia\/","title":{"rendered":"Champ\u00fa Purificante"},"content":{"rendered":"","protected":false},"excerpt":{"rendered":"<h3 id=\"product-component-1602668558464\">Champ\u00fa Loos Control energizante Hs Milano 350 ml.<\/h3>\n<p><span class=\"TextRun SCXW119840307 BCX0\" lang=\"ES-ES\" xml:lang=\"ES-ES\" data-contrast=\"auto\"><span class=\"NormalTextRun SCXW119840307 BCX0\">El Champ\u00fa Energizante que contribuye a prevenir y<\/span><\/span><span class=\"LineBreakBlob BlobObject DragDrop SCXW119840307 BCX0\"><span class=\"SCXW119840307 BCX0\">\u00a0<\/span><\/span><span class=\"TextRun SCXW119840307 BCX0\" lang=\"ES-ES\" xml:lang=\"ES-ES\" data-contrast=\"auto\"><span class=\"NormalTextRun SCXW119840307 BCX0\">combatir la ca\u00edda del cabello revitaliz\u00e1ndolo.<\/span><\/span><span class=\"LineBreakBlob BlobObject DragDrop SCXW119840307 BCX0\"><span class=\"SCXW119840307 BCX0\">\u00a0<\/span><\/span><span class=\"TextRun SCXW119840307 BCX0\" lang=\"ES-ES\" xml:lang=\"ES-ES\" data-contrast=\"auto\"><span class=\"NormalTextRun SCXW119840307 BCX0\">Formulado con extracto de Casta\u00f1o de Indias, Extracto de Albahaca Fresca y Extracto de Cedro.\u00a0<\/span><\/span><span class=\"LineBreakBlob BlobObject DragDrop SCXW119840307 BCX0\"><span class=\"SCXW119840307 BCX0\">\u00a0<\/span><\/span><span class=\"TextRun SCXW119840307 BCX0\" lang=\"ES-ES\" xml:lang=\"ES-ES\" data-contrast=\"auto\"><span class=\"NormalTextRun SCXW119840307 BCX0\">Este champ\u00fa est\u00e1 especialmente indicado en cabello d\u00e9bil y fr\u00e1gil.\u00a0 Act\u00faa r\u00e1pidamente mejorando la salud del cabello y devolvi\u00e9ndolo a su estado de bienestar natural.\u00a0<\/span><\/span><span class=\"TextRun SCXW119840307 BCX0\" lang=\"ES-ES\" xml:lang=\"ES-ES\" data-contrast=\"auto\"><span class=\"NormalTextRun SCXW119840307 BCX0\">S<\/span><\/span><span class=\"TextRun SCXW119840307 BCX0\" lang=\"ES-ES\" xml:lang=\"ES-ES\" data-contrast=\"auto\"><span class=\"NormalTextRun SCXW119840307 BCX0\">in\u00a0<\/span><\/span><span class=\"TextRun SCXW119840307 BCX0\" lang=\"ES-ES\" xml:lang=\"ES-ES\" data-contrast=\"auto\"><span class=\"NormalTextRun SpellingErrorV2 SCXW119840307 BCX0\">sls<\/span><\/span><span class=\"TextRun SCXW119840307 BCX0\" lang=\"ES-ES\" xml:lang=\"ES-ES\" data-contrast=\"auto\"><span class=\"NormalTextRun SCXW119840307 BCX0\">\u00a0o\u00a0<\/span><\/span><span class=\"TextRun SCXW119840307 BCX0\" lang=\"ES-ES\" xml:lang=\"ES-ES\" data-contrast=\"auto\"><span class=\"NormalTextRun SpellingErrorV2 SCXW119840307 BCX0\">sles<\/span><\/span><span class=\"TextRun SCXW119840307 BCX0\" lang=\"ES-ES\" xml:lang=\"ES-ES\" data-contrast=\"auto\"><span class=\"NormalTextRun SCXW119840307 BCX0\">; siliconas; parabenos; colorantes artificiales; perfumes con al\u00e9rgenos,\u00a0con sustancias funcionales vegetales t\u00edpicas del territorio italiano<\/span><\/span><span class=\"LineBreakBlob BlobObject DragDrop SCXW119840307 BCX0\"><span class=\"SCXW119840307 BCX0\">\u00a0<\/span><\/span><\/p>","protected":false},"featured_media":6446,"comment_status":"open","ping_status":"closed","template":"","meta":[],"product_brand":[],"product_cat":[50],"product_tag":[],"class_list":{"0":"post-6445","1":"product","2":"type-product","3":"status-publish","4":"has-post-thumbnail","6":"product_cat-hs-milano","8":"first","9":"outofstock","10":"taxable","11":"shipping-taxable","12":"purchasable","13":"product-type-simple"},"yoast_head":"<!-- This site is optimized with the Yoast SEO plugin v26.8 - https:\/\/yoast.com\/product\/yoast-seo-wordpress\/ -->\n<title>Champ\u00fa Purificante - Esmman Beauty<\/title>\n<meta name=\"robots\" content=\"index, follow, max-snippet:-1, max-image-preview:large, max-video-preview:-1\" \/>\n<link rel=\"canonical\" href=\"https:\/\/esmmanbeauty.es\/en\/product\/bb-fusion-mask-copia\/\" \/>\n<meta property=\"og:locale\" content=\"en_GB\" \/>\n<meta property=\"og:type\" content=\"article\" \/>\n<meta property=\"og:title\" content=\"Champ\u00fa Purificante - Esmman Beauty\" \/>\n<meta property=\"og:description\" content=\"Champ\u00fa Loos Control energizante Hs Milano 350 ml. El Champ\u00fa Energizante que contribuye a prevenir y\u00a0combatir la ca\u00edda del cabello revitaliz\u00e1ndolo.\u00a0Formulado con extracto de Casta\u00f1o de Indias, Extracto de Albahaca Fresca y Extracto de Cedro.\u00a0\u00a0Este champ\u00fa est\u00e1 especialmente indicado en cabello d\u00e9bil y fr\u00e1gil.\u00a0 Act\u00faa r\u00e1pidamente mejorando la salud del cabello y devolvi\u00e9ndolo a su estado de bienestar natural.\u00a0Sin\u00a0sls\u00a0o\u00a0sles; siliconas; parabenos; colorantes artificiales; perfumes con al\u00e9rgenos,\u00a0con sustancias funcionales vegetales t\u00edpicas del territorio italiano\u00a0\" \/>\n<meta property=\"og:url\" content=\"https:\/\/esmmanbeauty.es\/en\/product\/bb-fusion-mask-copia\/\" \/>\n<meta property=\"og:site_name\" content=\"Esmman Beauty\" \/>\n<meta property=\"article:modified_time\" content=\"2025-01-02T09:56:22+00:00\" \/>\n<meta property=\"og:image\" content=\"https:\/\/esmmanbeauty.es\/wp-content\/uploads\/2025\/01\/hs-milano-champu-purificante.png\" \/>\n\t<meta property=\"og:image:width\" content=\"1764\" \/>\n\t<meta property=\"og:image:height\" content=\"2463\" \/>\n\t<meta property=\"og:image:type\" content=\"image\/png\" \/>\n<meta name=\"twitter:card\" content=\"summary_large_image\" \/>\n<script type=\"application\/ld+json\" class=\"yoast-schema-graph\">{\"@context\":\"https:\/\/schema.org\",\"@graph\":[{\"@type\":\"WebPage\",\"@id\":\"https:\/\/esmmanbeauty.es\/producto\/bb-fusion-mask-copia\/\",\"url\":\"https:\/\/esmmanbeauty.es\/producto\/bb-fusion-mask-copia\/\",\"name\":\"Champ\u00fa Purificante - Esmman Beauty\",\"isPartOf\":{\"@id\":\"https:\/\/esmmanbeauty.es\/#website\"},\"primaryImageOfPage\":{\"@id\":\"https:\/\/esmmanbeauty.es\/producto\/bb-fusion-mask-copia\/#primaryimage\"},\"image\":{\"@id\":\"https:\/\/esmmanbeauty.es\/producto\/bb-fusion-mask-copia\/#primaryimage\"},\"thumbnailUrl\":\"https:\/\/esmmanbeauty.es\/wp-content\/uploads\/2025\/01\/hs-milano-champu-purificante.png\",\"datePublished\":\"2025-01-02T09:52:51+00:00\",\"dateModified\":\"2025-01-02T09:56:22+00:00\",\"breadcrumb\":{\"@id\":\"https:\/\/esmmanbeauty.es\/producto\/bb-fusion-mask-copia\/#breadcrumb\"},\"inLanguage\":\"en-GB\",\"potentialAction\":[{\"@type\":\"ReadAction\",\"target\":[\"https:\/\/esmmanbeauty.es\/producto\/bb-fusion-mask-copia\/\"]}]},{\"@type\":\"ImageObject\",\"inLanguage\":\"en-GB\",\"@id\":\"https:\/\/esmmanbeauty.es\/producto\/bb-fusion-mask-copia\/#primaryimage\",\"url\":\"https:\/\/esmmanbeauty.es\/wp-content\/uploads\/2025\/01\/hs-milano-champu-purificante.png\",\"contentUrl\":\"https:\/\/esmmanbeauty.es\/wp-content\/uploads\/2025\/01\/hs-milano-champu-purificante.png\",\"width\":1764,\"height\":2463},{\"@type\":\"BreadcrumbList\",\"@id\":\"https:\/\/esmmanbeauty.es\/producto\/bb-fusion-mask-copia\/#breadcrumb\",\"itemListElement\":[{\"@type\":\"ListItem\",\"position\":1,\"name\":\"Portada\",\"item\":\"https:\/\/esmmanbeauty.es\/\"},{\"@type\":\"ListItem\",\"position\":2,\"name\":\"Tienda\",\"item\":\"https:\/\/esmmanbeauty.es\/tienda\/\"},{\"@type\":\"ListItem\",\"position\":3,\"name\":\"Champ\u00fa Purificante\"}]},{\"@type\":\"WebSite\",\"@id\":\"https:\/\/esmmanbeauty.es\/#website\",\"url\":\"https:\/\/esmmanbeauty.es\/\",\"name\":\"Esmman Beauty\",\"description\":\"Asistencia y venta para profesionales de la peluquer\u00eda y la est\u00e9tica\",\"potentialAction\":[{\"@type\":\"SearchAction\",\"target\":{\"@type\":\"EntryPoint\",\"urlTemplate\":\"https:\/\/esmmanbeauty.es\/?s={search_term_string}\"},\"query-input\":{\"@type\":\"PropertyValueSpecification\",\"valueRequired\":true,\"valueName\":\"search_term_string\"}}],\"inLanguage\":\"en-GB\"}]}<\/script>\n<!-- \/ Yoast SEO plugin. -->","yoast_head_json":{"title":"Champ\u00fa Purificante - Esmman Beauty","robots":{"index":"index","follow":"follow","max-snippet":"max-snippet:-1","max-image-preview":"max-image-preview:large","max-video-preview":"max-video-preview:-1"},"canonical":"https:\/\/esmmanbeauty.es\/en\/product\/bb-fusion-mask-copia\/","og_locale":"en_GB","og_type":"article","og_title":"Champ\u00fa Purificante - Esmman Beauty","og_description":"Champ\u00fa Loos Control energizante Hs Milano 350 ml. El Champ\u00fa Energizante que contribuye a prevenir y\u00a0combatir la ca\u00edda del cabello revitaliz\u00e1ndolo.\u00a0Formulado con extracto de Casta\u00f1o de Indias, Extracto de Albahaca Fresca y Extracto de Cedro.\u00a0\u00a0Este champ\u00fa est\u00e1 especialmente indicado en cabello d\u00e9bil y fr\u00e1gil.\u00a0 Act\u00faa r\u00e1pidamente mejorando la salud del cabello y devolvi\u00e9ndolo a su estado de bienestar natural.\u00a0Sin\u00a0sls\u00a0o\u00a0sles; siliconas; parabenos; colorantes artificiales; perfumes con al\u00e9rgenos,\u00a0con sustancias funcionales vegetales t\u00edpicas del territorio italiano\u00a0","og_url":"https:\/\/esmmanbeauty.es\/en\/product\/bb-fusion-mask-copia\/","og_site_name":"Esmman Beauty","article_modified_time":"2025-01-02T09:56:22+00:00","og_image":[{"width":1764,"height":2463,"url":"https:\/\/esmmanbeauty.es\/wp-content\/uploads\/2025\/01\/hs-milano-champu-purificante.png","type":"image\/png"}],"twitter_card":"summary_large_image","schema":{"@context":"https:\/\/schema.org","@graph":[{"@type":"WebPage","@id":"https:\/\/esmmanbeauty.es\/producto\/bb-fusion-mask-copia\/","url":"https:\/\/esmmanbeauty.es\/producto\/bb-fusion-mask-copia\/","name":"Champ\u00fa Purificante - Esmman Beauty","isPartOf":{"@id":"https:\/\/esmmanbeauty.es\/#website"},"primaryImageOfPage":{"@id":"https:\/\/esmmanbeauty.es\/producto\/bb-fusion-mask-copia\/#primaryimage"},"image":{"@id":"https:\/\/esmmanbeauty.es\/producto\/bb-fusion-mask-copia\/#primaryimage"},"thumbnailUrl":"https:\/\/esmmanbeauty.es\/wp-content\/uploads\/2025\/01\/hs-milano-champu-purificante.png","datePublished":"2025-01-02T09:52:51+00:00","dateModified":"2025-01-02T09:56:22+00:00","breadcrumb":{"@id":"https:\/\/esmmanbeauty.es\/producto\/bb-fusion-mask-copia\/#breadcrumb"},"inLanguage":"en-GB","potentialAction":[{"@type":"ReadAction","target":["https:\/\/esmmanbeauty.es\/producto\/bb-fusion-mask-copia\/"]}]},{"@type":"ImageObject","inLanguage":"en-GB","@id":"https:\/\/esmmanbeauty.es\/producto\/bb-fusion-mask-copia\/#primaryimage","url":"https:\/\/esmmanbeauty.es\/wp-content\/uploads\/2025\/01\/hs-milano-champu-purificante.png","contentUrl":"https:\/\/esmmanbeauty.es\/wp-content\/uploads\/2025\/01\/hs-milano-champu-purificante.png","width":1764,"height":2463},{"@type":"BreadcrumbList","@id":"https:\/\/esmmanbeauty.es\/producto\/bb-fusion-mask-copia\/#breadcrumb","itemListElement":[{"@type":"ListItem","position":1,"name":"Portada","item":"https:\/\/esmmanbeauty.es\/"},{"@type":"ListItem","position":2,"name":"Tienda","item":"https:\/\/esmmanbeauty.es\/tienda\/"},{"@type":"ListItem","position":3,"name":"Champ\u00fa Purificante"}]},{"@type":"WebSite","@id":"https:\/\/esmmanbeauty.es\/#website","url":"https:\/\/esmmanbeauty.es\/","name":"Esmman Beauty","description":"Asistencia y venta para profesionales de la peluquer\u00eda y la est\u00e9tica","potentialAction":[{"@type":"SearchAction","target":{"@type":"EntryPoint","urlTemplate":"https:\/\/esmmanbeauty.es\/?s={search_term_string}"},"query-input":{"@type":"PropertyValueSpecification","valueRequired":true,"valueName":"search_term_string"}}],"inLanguage":"en-GB"}]}},"_links":{"self":[{"href":"https:\/\/esmmanbeauty.es\/en\/wp-json\/wp\/v2\/product\/6445","targetHints":{"allow":["GET"]}}],"collection":[{"href":"https:\/\/esmmanbeauty.es\/en\/wp-json\/wp\/v2\/product"}],"about":[{"href":"https:\/\/esmmanbeauty.es\/en\/wp-json\/wp\/v2\/types\/product"}],"replies":[{"embeddable":true,"href":"https:\/\/esmmanbeauty.es\/en\/wp-json\/wp\/v2\/comments?post=6445"}],"wp:featuredmedia":[{"embeddable":true,"href":"https:\/\/esmmanbeauty.es\/en\/wp-json\/wp\/v2\/media\/6446"}],"wp:attachment":[{"href":"https:\/\/esmmanbeauty.es\/en\/wp-json\/wp\/v2\/media?parent=6445"}],"wp:term":[{"taxonomy":"product_brand","embeddable":true,"href":"https:\/\/esmmanbeauty.es\/en\/wp-json\/wp\/v2\/product_brand?post=6445"},{"taxonomy":"product_cat","embeddable":true,"href":"https:\/\/esmmanbeauty.es\/en\/wp-json\/wp\/v2\/product_cat?post=6445"},{"taxonomy":"product_tag","embeddable":true,"href":"https:\/\/esmmanbeauty.es\/en\/wp-json\/wp\/v2\/product_tag?post=6445"}],"curies":[{"name":"wp","href":"https:\/\/api.w.org\/{rel}","templated":true}]}}