{"id":6442,"date":"2025-01-02T09:49:24","date_gmt":"2025-01-02T09:49:24","guid":{"rendered":"https:\/\/esmmanbeauty.es\/?post_type=product&#038;p=6442"},"modified":"2026-02-20T08:55:57","modified_gmt":"2026-02-20T08:55:57","slug":"bb-fusion-mask","status":"publish","type":"product","link":"https:\/\/esmmanbeauty.es\/en\/product\/bb-fusion-mask\/","title":{"rendered":"Evox Mask 400 ml Home care"},"content":{"rendered":"","protected":false},"excerpt":{"rendered":"<p><strong>EVOX \u00a0EVERDAY MASK\u00a0<\/strong><\/p>\n<p>Mascarilla de hidrataci\u00f3n con Macadamia Oil : Mantenimiento diario para todo tipo de cabello. Rico en minerales, \u00e1cido oleico y omega 9.<\/p>\n<p>La mascarilla de hidrataci\u00f3n Everday Mask promueve la hidrataci\u00f3n y tratamiento intenso del cabello. Su composici\u00f3n con aceite de macadamia nutre e hidrata la fibra capilar dejando el cabello sedoso, hidratado y con brillo reluciente.<\/p>\n<p>APLICACI\u00d3N:<\/p>\n<p>Despu\u00e9s de lavar el cabello con Champ\u00fa Hidratante Macadamia Oil y con el Cabello h\u00famedo, aplique en mechones gruesos la M\u00e1scara de Hidrataci\u00f3n de medios a puntas, distribuyendo por todo el cabello, masajeando con los dedos. Dejar actuar por 5 minutos. Aclarar con abundante agua, retirando totalmente el producto. Si lo desea, cepille el cabello para intensificar el tratamiento.<\/p>","protected":false},"featured_media":6623,"comment_status":"open","ping_status":"closed","template":"","meta":[],"product_brand":[],"product_cat":[73],"product_tag":[],"class_list":{"0":"post-6442","1":"product","2":"type-product","3":"status-publish","4":"has-post-thumbnail","6":"product_cat-evox","8":"first","9":"instock","10":"taxable","11":"shipping-taxable","12":"purchasable","13":"product-type-simple"},"yoast_head":"<!-- This site is optimized with the Yoast SEO plugin v26.8 - https:\/\/yoast.com\/product\/yoast-seo-wordpress\/ -->\n<title>Evox Mask 400 ml Home care - Esmman Beauty<\/title>\n<meta name=\"robots\" content=\"index, follow, max-snippet:-1, max-image-preview:large, max-video-preview:-1\" \/>\n<link rel=\"canonical\" href=\"https:\/\/esmmanbeauty.es\/en\/product\/bb-fusion-mask\/\" \/>\n<meta property=\"og:locale\" content=\"en_GB\" \/>\n<meta property=\"og:type\" content=\"article\" \/>\n<meta property=\"og:title\" content=\"Evox Mask 400 ml Home care - Esmman Beauty\" \/>\n<meta property=\"og:description\" content=\"EVOX \u00a0EVERDAY MASK\u00a0  Mascarilla de hidrataci\u00f3n con Macadamia Oil : Mantenimiento diario para todo tipo de cabello. Rico en minerales, \u00e1cido oleico y omega 9.  La mascarilla de hidrataci\u00f3n Everday Mask promueve la hidrataci\u00f3n y tratamiento intenso del cabello. Su composici\u00f3n con aceite de macadamia nutre e hidrata la fibra capilar dejando el cabello sedoso, hidratado y con brillo reluciente.  APLICACI\u00d3N:  Despu\u00e9s de lavar el cabello con Champ\u00fa Hidratante Macadamia Oil y con el Cabello h\u00famedo, aplique en mechones gruesos la M\u00e1scara de Hidrataci\u00f3n de medios a puntas, distribuyendo por todo el cabello, masajeando con los dedos. Dejar actuar por 5 minutos. Aclarar con abundante agua, retirando totalmente el producto. Si lo desea, cepille el cabello para intensificar el tratamiento.\" \/>\n<meta property=\"og:url\" content=\"https:\/\/esmmanbeauty.es\/en\/product\/bb-fusion-mask\/\" \/>\n<meta property=\"og:site_name\" content=\"Esmman Beauty\" \/>\n<meta property=\"article:modified_time\" content=\"2026-02-20T08:55:57+00:00\" \/>\n<meta property=\"og:image\" content=\"https:\/\/esmmanbeauty.es\/wp-content\/uploads\/2025\/01\/EVOX_MASK_HOME-CARE_400ML.webp\" \/>\n\t<meta property=\"og:image:width\" content=\"500\" \/>\n\t<meta property=\"og:image:height\" content=\"500\" \/>\n\t<meta property=\"og:image:type\" content=\"image\/webp\" \/>\n<meta name=\"twitter:card\" content=\"summary_large_image\" \/>\n<meta name=\"twitter:label1\" content=\"Estimated reading time\" \/>\n\t<meta name=\"twitter:data1\" content=\"1 minute\" \/>\n<script type=\"application\/ld+json\" class=\"yoast-schema-graph\">{\"@context\":\"https:\/\/schema.org\",\"@graph\":[{\"@type\":\"WebPage\",\"@id\":\"https:\/\/esmmanbeauty.es\/producto\/bb-fusion-mask\/\",\"url\":\"https:\/\/esmmanbeauty.es\/producto\/bb-fusion-mask\/\",\"name\":\"Evox Mask 400 ml Home care - Esmman Beauty\",\"isPartOf\":{\"@id\":\"https:\/\/esmmanbeauty.es\/#website\"},\"primaryImageOfPage\":{\"@id\":\"https:\/\/esmmanbeauty.es\/producto\/bb-fusion-mask\/#primaryimage\"},\"image\":{\"@id\":\"https:\/\/esmmanbeauty.es\/producto\/bb-fusion-mask\/#primaryimage\"},\"thumbnailUrl\":\"https:\/\/esmmanbeauty.es\/wp-content\/uploads\/2025\/01\/EVOX_MASK_HOME-CARE_400ML.webp\",\"datePublished\":\"2025-01-02T09:49:24+00:00\",\"dateModified\":\"2026-02-20T08:55:57+00:00\",\"breadcrumb\":{\"@id\":\"https:\/\/esmmanbeauty.es\/producto\/bb-fusion-mask\/#breadcrumb\"},\"inLanguage\":\"en-GB\",\"potentialAction\":[{\"@type\":\"ReadAction\",\"target\":[\"https:\/\/esmmanbeauty.es\/producto\/bb-fusion-mask\/\"]}]},{\"@type\":\"ImageObject\",\"inLanguage\":\"en-GB\",\"@id\":\"https:\/\/esmmanbeauty.es\/producto\/bb-fusion-mask\/#primaryimage\",\"url\":\"https:\/\/esmmanbeauty.es\/wp-content\/uploads\/2025\/01\/EVOX_MASK_HOME-CARE_400ML.webp\",\"contentUrl\":\"https:\/\/esmmanbeauty.es\/wp-content\/uploads\/2025\/01\/EVOX_MASK_HOME-CARE_400ML.webp\",\"width\":500,\"height\":500},{\"@type\":\"BreadcrumbList\",\"@id\":\"https:\/\/esmmanbeauty.es\/producto\/bb-fusion-mask\/#breadcrumb\",\"itemListElement\":[{\"@type\":\"ListItem\",\"position\":1,\"name\":\"Portada\",\"item\":\"https:\/\/esmmanbeauty.es\/\"},{\"@type\":\"ListItem\",\"position\":2,\"name\":\"Tienda\",\"item\":\"https:\/\/esmmanbeauty.es\/tienda\/\"},{\"@type\":\"ListItem\",\"position\":3,\"name\":\"Evox Mask 400 ml Home care\"}]},{\"@type\":\"WebSite\",\"@id\":\"https:\/\/esmmanbeauty.es\/#website\",\"url\":\"https:\/\/esmmanbeauty.es\/\",\"name\":\"Esmman Beauty\",\"description\":\"Asistencia y venta para profesionales de la peluquer\u00eda y la est\u00e9tica\",\"potentialAction\":[{\"@type\":\"SearchAction\",\"target\":{\"@type\":\"EntryPoint\",\"urlTemplate\":\"https:\/\/esmmanbeauty.es\/?s={search_term_string}\"},\"query-input\":{\"@type\":\"PropertyValueSpecification\",\"valueRequired\":true,\"valueName\":\"search_term_string\"}}],\"inLanguage\":\"en-GB\"}]}<\/script>\n<!-- \/ Yoast SEO plugin. -->","yoast_head_json":{"title":"Evox Mask 400 ml Home care - Esmman Beauty","robots":{"index":"index","follow":"follow","max-snippet":"max-snippet:-1","max-image-preview":"max-image-preview:large","max-video-preview":"max-video-preview:-1"},"canonical":"https:\/\/esmmanbeauty.es\/en\/product\/bb-fusion-mask\/","og_locale":"en_GB","og_type":"article","og_title":"Evox Mask 400 ml Home care - Esmman Beauty","og_description":"EVOX \u00a0EVERDAY MASK\u00a0  Mascarilla de hidrataci\u00f3n con Macadamia Oil : Mantenimiento diario para todo tipo de cabello. Rico en minerales, \u00e1cido oleico y omega 9.  La mascarilla de hidrataci\u00f3n Everday Mask promueve la hidrataci\u00f3n y tratamiento intenso del cabello. Su composici\u00f3n con aceite de macadamia nutre e hidrata la fibra capilar dejando el cabello sedoso, hidratado y con brillo reluciente.  APLICACI\u00d3N:  Despu\u00e9s de lavar el cabello con Champ\u00fa Hidratante Macadamia Oil y con el Cabello h\u00famedo, aplique en mechones gruesos la M\u00e1scara de Hidrataci\u00f3n de medios a puntas, distribuyendo por todo el cabello, masajeando con los dedos. Dejar actuar por 5 minutos. Aclarar con abundante agua, retirando totalmente el producto. Si lo desea, cepille el cabello para intensificar el tratamiento.","og_url":"https:\/\/esmmanbeauty.es\/en\/product\/bb-fusion-mask\/","og_site_name":"Esmman Beauty","article_modified_time":"2026-02-20T08:55:57+00:00","og_image":[{"width":500,"height":500,"url":"https:\/\/esmmanbeauty.es\/wp-content\/uploads\/2025\/01\/EVOX_MASK_HOME-CARE_400ML.webp","type":"image\/webp"}],"twitter_card":"summary_large_image","twitter_misc":{"Estimated reading time":"1 minute"},"schema":{"@context":"https:\/\/schema.org","@graph":[{"@type":"WebPage","@id":"https:\/\/esmmanbeauty.es\/producto\/bb-fusion-mask\/","url":"https:\/\/esmmanbeauty.es\/producto\/bb-fusion-mask\/","name":"Evox Mask 400 ml Home care - Esmman Beauty","isPartOf":{"@id":"https:\/\/esmmanbeauty.es\/#website"},"primaryImageOfPage":{"@id":"https:\/\/esmmanbeauty.es\/producto\/bb-fusion-mask\/#primaryimage"},"image":{"@id":"https:\/\/esmmanbeauty.es\/producto\/bb-fusion-mask\/#primaryimage"},"thumbnailUrl":"https:\/\/esmmanbeauty.es\/wp-content\/uploads\/2025\/01\/EVOX_MASK_HOME-CARE_400ML.webp","datePublished":"2025-01-02T09:49:24+00:00","dateModified":"2026-02-20T08:55:57+00:00","breadcrumb":{"@id":"https:\/\/esmmanbeauty.es\/producto\/bb-fusion-mask\/#breadcrumb"},"inLanguage":"en-GB","potentialAction":[{"@type":"ReadAction","target":["https:\/\/esmmanbeauty.es\/producto\/bb-fusion-mask\/"]}]},{"@type":"ImageObject","inLanguage":"en-GB","@id":"https:\/\/esmmanbeauty.es\/producto\/bb-fusion-mask\/#primaryimage","url":"https:\/\/esmmanbeauty.es\/wp-content\/uploads\/2025\/01\/EVOX_MASK_HOME-CARE_400ML.webp","contentUrl":"https:\/\/esmmanbeauty.es\/wp-content\/uploads\/2025\/01\/EVOX_MASK_HOME-CARE_400ML.webp","width":500,"height":500},{"@type":"BreadcrumbList","@id":"https:\/\/esmmanbeauty.es\/producto\/bb-fusion-mask\/#breadcrumb","itemListElement":[{"@type":"ListItem","position":1,"name":"Portada","item":"https:\/\/esmmanbeauty.es\/"},{"@type":"ListItem","position":2,"name":"Tienda","item":"https:\/\/esmmanbeauty.es\/tienda\/"},{"@type":"ListItem","position":3,"name":"Evox Mask 400 ml Home care"}]},{"@type":"WebSite","@id":"https:\/\/esmmanbeauty.es\/#website","url":"https:\/\/esmmanbeauty.es\/","name":"Esmman Beauty","description":"Asistencia y venta para profesionales de la peluquer\u00eda y la est\u00e9tica","potentialAction":[{"@type":"SearchAction","target":{"@type":"EntryPoint","urlTemplate":"https:\/\/esmmanbeauty.es\/?s={search_term_string}"},"query-input":{"@type":"PropertyValueSpecification","valueRequired":true,"valueName":"search_term_string"}}],"inLanguage":"en-GB"}]}},"_links":{"self":[{"href":"https:\/\/esmmanbeauty.es\/en\/wp-json\/wp\/v2\/product\/6442","targetHints":{"allow":["GET"]}}],"collection":[{"href":"https:\/\/esmmanbeauty.es\/en\/wp-json\/wp\/v2\/product"}],"about":[{"href":"https:\/\/esmmanbeauty.es\/en\/wp-json\/wp\/v2\/types\/product"}],"replies":[{"embeddable":true,"href":"https:\/\/esmmanbeauty.es\/en\/wp-json\/wp\/v2\/comments?post=6442"}],"wp:featuredmedia":[{"embeddable":true,"href":"https:\/\/esmmanbeauty.es\/en\/wp-json\/wp\/v2\/media\/6623"}],"wp:attachment":[{"href":"https:\/\/esmmanbeauty.es\/en\/wp-json\/wp\/v2\/media?parent=6442"}],"wp:term":[{"taxonomy":"product_brand","embeddable":true,"href":"https:\/\/esmmanbeauty.es\/en\/wp-json\/wp\/v2\/product_brand?post=6442"},{"taxonomy":"product_cat","embeddable":true,"href":"https:\/\/esmmanbeauty.es\/en\/wp-json\/wp\/v2\/product_cat?post=6442"},{"taxonomy":"product_tag","embeddable":true,"href":"https:\/\/esmmanbeauty.es\/en\/wp-json\/wp\/v2\/product_tag?post=6442"}],"curies":[{"name":"wp","href":"https:\/\/api.w.org\/{rel}","templated":true}]}}