{"id":6440,"date":"2025-01-02T09:44:47","date_gmt":"2025-01-02T09:44:47","guid":{"rendered":"https:\/\/esmmanbeauty.es\/?post_type=product&#038;p=6440"},"modified":"2026-02-20T08:54:59","modified_gmt":"2026-02-20T08:54:59","slug":"champu-antienvejecimiento-de-plasma-liquido","status":"publish","type":"product","link":"https:\/\/esmmanbeauty.es\/en\/product\/champu-antienvejecimiento-de-plasma-liquido\/","title":{"rendered":"Evox Everday Shampoo 400ml"},"content":{"rendered":"","protected":false},"excerpt":{"rendered":"<p><strong>Evox Shampoo Home Care 400 ML<\/strong><\/p>\n<p>Shampoo Hidratante Macadamia Oil: Mantenimiento del alisado Nanoplastia . Uso diario para todo tipo de cabello. Rico en minerales, \u00e1cido oleico y omega 9.<\/p>\n<p>No contiene sales ni sulfatos ni parabenos.<\/p>\n<p>Posee una f\u00f3rmula especial con pH fisiol\u00f3gico que limpia y repara la fibra capilar sin da\u00f1ar y sin abrir la cut\u00edcula.<\/p>\n<p>&nbsp;<\/p>\n<p><strong>APLICACI\u00d3N<\/strong><\/p>\n<p>Con el pelo mojado distribuya uniformemente\u00a0 Home Care Shampoo Hidratante, masajeando suavemente el cabello y el cuero cabelludo. Aclarar bien. Repita el proceso una vez m\u00e1s. Despu\u00e9s del lavado, aplicar\u00a0 Mascara Hidratante Home Care Mask. Macadamia oil.<\/p>\n<p><strong>\u00a0<\/strong><\/p>","protected":false},"featured_media":6624,"comment_status":"open","ping_status":"closed","template":"","meta":[],"product_brand":[],"product_cat":[73],"product_tag":[],"class_list":{"0":"post-6440","1":"product","2":"type-product","3":"status-publish","4":"has-post-thumbnail","6":"product_cat-evox","8":"first","9":"instock","10":"taxable","11":"shipping-taxable","12":"purchasable","13":"product-type-simple"},"yoast_head":"<!-- This site is optimized with the Yoast SEO plugin v26.8 - https:\/\/yoast.com\/product\/yoast-seo-wordpress\/ -->\n<title>Evox Everday Shampoo 400ml - Esmman Beauty<\/title>\n<meta name=\"robots\" content=\"index, follow, max-snippet:-1, max-image-preview:large, max-video-preview:-1\" \/>\n<link rel=\"canonical\" href=\"https:\/\/esmmanbeauty.es\/en\/product\/champu-antienvejecimiento-de-plasma-liquido\/\" \/>\n<meta property=\"og:locale\" content=\"en_GB\" \/>\n<meta property=\"og:type\" content=\"article\" \/>\n<meta property=\"og:title\" content=\"Evox Everday Shampoo 400ml - Esmman Beauty\" \/>\n<meta property=\"og:description\" content=\"Evox Shampoo Home Care 400 ML  Shampoo Hidratante Macadamia Oil: Mantenimiento del alisado Nanoplastia . Uso diario para todo tipo de cabello. Rico en minerales, \u00e1cido oleico y omega 9.  No contiene sales ni sulfatos ni parabenos.  Posee una f\u00f3rmula especial con pH fisiol\u00f3gico que limpia y repara la fibra capilar sin da\u00f1ar y sin abrir la cut\u00edcula.  &nbsp;  APLICACI\u00d3N  Con el pelo mojado distribuya uniformemente\u00a0 Home Care Shampoo Hidratante, masajeando suavemente el cabello y el cuero cabelludo. Aclarar bien. Repita el proceso una vez m\u00e1s. Despu\u00e9s del lavado, aplicar\u00a0 Mascara Hidratante Home Care Mask. Macadamia oil.  \u00a0\" \/>\n<meta property=\"og:url\" content=\"https:\/\/esmmanbeauty.es\/en\/product\/champu-antienvejecimiento-de-plasma-liquido\/\" \/>\n<meta property=\"og:site_name\" content=\"Esmman Beauty\" \/>\n<meta property=\"article:modified_time\" content=\"2026-02-20T08:54:59+00:00\" \/>\n<meta property=\"og:image\" content=\"https:\/\/esmmanbeauty.es\/wp-content\/uploads\/2025\/01\/EVOX_SHAMPOO_HOME-CARE_400M.webp\" \/>\n\t<meta property=\"og:image:width\" content=\"500\" \/>\n\t<meta property=\"og:image:height\" content=\"500\" \/>\n\t<meta property=\"og:image:type\" content=\"image\/webp\" \/>\n<meta name=\"twitter:card\" content=\"summary_large_image\" \/>\n<meta name=\"twitter:label1\" content=\"Estimated reading time\" \/>\n\t<meta name=\"twitter:data1\" content=\"1 minute\" \/>\n<script type=\"application\/ld+json\" class=\"yoast-schema-graph\">{\"@context\":\"https:\/\/schema.org\",\"@graph\":[{\"@type\":\"WebPage\",\"@id\":\"https:\/\/esmmanbeauty.es\/producto\/champu-antienvejecimiento-de-plasma-liquido\/\",\"url\":\"https:\/\/esmmanbeauty.es\/producto\/champu-antienvejecimiento-de-plasma-liquido\/\",\"name\":\"Evox Everday Shampoo 400ml - Esmman Beauty\",\"isPartOf\":{\"@id\":\"https:\/\/esmmanbeauty.es\/#website\"},\"primaryImageOfPage\":{\"@id\":\"https:\/\/esmmanbeauty.es\/producto\/champu-antienvejecimiento-de-plasma-liquido\/#primaryimage\"},\"image\":{\"@id\":\"https:\/\/esmmanbeauty.es\/producto\/champu-antienvejecimiento-de-plasma-liquido\/#primaryimage\"},\"thumbnailUrl\":\"https:\/\/esmmanbeauty.es\/wp-content\/uploads\/2025\/01\/EVOX_SHAMPOO_HOME-CARE_400M.webp\",\"datePublished\":\"2025-01-02T09:44:47+00:00\",\"dateModified\":\"2026-02-20T08:54:59+00:00\",\"breadcrumb\":{\"@id\":\"https:\/\/esmmanbeauty.es\/producto\/champu-antienvejecimiento-de-plasma-liquido\/#breadcrumb\"},\"inLanguage\":\"en-GB\",\"potentialAction\":[{\"@type\":\"ReadAction\",\"target\":[\"https:\/\/esmmanbeauty.es\/producto\/champu-antienvejecimiento-de-plasma-liquido\/\"]}]},{\"@type\":\"ImageObject\",\"inLanguage\":\"en-GB\",\"@id\":\"https:\/\/esmmanbeauty.es\/producto\/champu-antienvejecimiento-de-plasma-liquido\/#primaryimage\",\"url\":\"https:\/\/esmmanbeauty.es\/wp-content\/uploads\/2025\/01\/EVOX_SHAMPOO_HOME-CARE_400M.webp\",\"contentUrl\":\"https:\/\/esmmanbeauty.es\/wp-content\/uploads\/2025\/01\/EVOX_SHAMPOO_HOME-CARE_400M.webp\",\"width\":500,\"height\":500,\"caption\":\"Evox Mascarilla hidratante con aceite de Macadamia para el mantenimiento del alisado taninoplstia.\"},{\"@type\":\"BreadcrumbList\",\"@id\":\"https:\/\/esmmanbeauty.es\/producto\/champu-antienvejecimiento-de-plasma-liquido\/#breadcrumb\",\"itemListElement\":[{\"@type\":\"ListItem\",\"position\":1,\"name\":\"Portada\",\"item\":\"https:\/\/esmmanbeauty.es\/\"},{\"@type\":\"ListItem\",\"position\":2,\"name\":\"Tienda\",\"item\":\"https:\/\/esmmanbeauty.es\/tienda\/\"},{\"@type\":\"ListItem\",\"position\":3,\"name\":\"Evox Everday Shampoo 400ml\"}]},{\"@type\":\"WebSite\",\"@id\":\"https:\/\/esmmanbeauty.es\/#website\",\"url\":\"https:\/\/esmmanbeauty.es\/\",\"name\":\"Esmman Beauty\",\"description\":\"Asistencia y venta para profesionales de la peluquer\u00eda y la est\u00e9tica\",\"potentialAction\":[{\"@type\":\"SearchAction\",\"target\":{\"@type\":\"EntryPoint\",\"urlTemplate\":\"https:\/\/esmmanbeauty.es\/?s={search_term_string}\"},\"query-input\":{\"@type\":\"PropertyValueSpecification\",\"valueRequired\":true,\"valueName\":\"search_term_string\"}}],\"inLanguage\":\"en-GB\"}]}<\/script>\n<!-- \/ Yoast SEO plugin. -->","yoast_head_json":{"title":"Evox Everday Shampoo 400ml - Esmman Beauty","robots":{"index":"index","follow":"follow","max-snippet":"max-snippet:-1","max-image-preview":"max-image-preview:large","max-video-preview":"max-video-preview:-1"},"canonical":"https:\/\/esmmanbeauty.es\/en\/product\/champu-antienvejecimiento-de-plasma-liquido\/","og_locale":"en_GB","og_type":"article","og_title":"Evox Everday Shampoo 400ml - Esmman Beauty","og_description":"Evox Shampoo Home Care 400 ML  Shampoo Hidratante Macadamia Oil: Mantenimiento del alisado Nanoplastia . Uso diario para todo tipo de cabello. Rico en minerales, \u00e1cido oleico y omega 9.  No contiene sales ni sulfatos ni parabenos.  Posee una f\u00f3rmula especial con pH fisiol\u00f3gico que limpia y repara la fibra capilar sin da\u00f1ar y sin abrir la cut\u00edcula.  &nbsp;  APLICACI\u00d3N  Con el pelo mojado distribuya uniformemente\u00a0 Home Care Shampoo Hidratante, masajeando suavemente el cabello y el cuero cabelludo. Aclarar bien. Repita el proceso una vez m\u00e1s. Despu\u00e9s del lavado, aplicar\u00a0 Mascara Hidratante Home Care Mask. Macadamia oil.  \u00a0","og_url":"https:\/\/esmmanbeauty.es\/en\/product\/champu-antienvejecimiento-de-plasma-liquido\/","og_site_name":"Esmman Beauty","article_modified_time":"2026-02-20T08:54:59+00:00","og_image":[{"width":500,"height":500,"url":"https:\/\/esmmanbeauty.es\/wp-content\/uploads\/2025\/01\/EVOX_SHAMPOO_HOME-CARE_400M.webp","type":"image\/webp"}],"twitter_card":"summary_large_image","twitter_misc":{"Estimated reading time":"1 minute"},"schema":{"@context":"https:\/\/schema.org","@graph":[{"@type":"WebPage","@id":"https:\/\/esmmanbeauty.es\/producto\/champu-antienvejecimiento-de-plasma-liquido\/","url":"https:\/\/esmmanbeauty.es\/producto\/champu-antienvejecimiento-de-plasma-liquido\/","name":"Evox Everday Shampoo 400ml - Esmman Beauty","isPartOf":{"@id":"https:\/\/esmmanbeauty.es\/#website"},"primaryImageOfPage":{"@id":"https:\/\/esmmanbeauty.es\/producto\/champu-antienvejecimiento-de-plasma-liquido\/#primaryimage"},"image":{"@id":"https:\/\/esmmanbeauty.es\/producto\/champu-antienvejecimiento-de-plasma-liquido\/#primaryimage"},"thumbnailUrl":"https:\/\/esmmanbeauty.es\/wp-content\/uploads\/2025\/01\/EVOX_SHAMPOO_HOME-CARE_400M.webp","datePublished":"2025-01-02T09:44:47+00:00","dateModified":"2026-02-20T08:54:59+00:00","breadcrumb":{"@id":"https:\/\/esmmanbeauty.es\/producto\/champu-antienvejecimiento-de-plasma-liquido\/#breadcrumb"},"inLanguage":"en-GB","potentialAction":[{"@type":"ReadAction","target":["https:\/\/esmmanbeauty.es\/producto\/champu-antienvejecimiento-de-plasma-liquido\/"]}]},{"@type":"ImageObject","inLanguage":"en-GB","@id":"https:\/\/esmmanbeauty.es\/producto\/champu-antienvejecimiento-de-plasma-liquido\/#primaryimage","url":"https:\/\/esmmanbeauty.es\/wp-content\/uploads\/2025\/01\/EVOX_SHAMPOO_HOME-CARE_400M.webp","contentUrl":"https:\/\/esmmanbeauty.es\/wp-content\/uploads\/2025\/01\/EVOX_SHAMPOO_HOME-CARE_400M.webp","width":500,"height":500,"caption":"Evox Mascarilla hidratante con aceite de Macadamia para el mantenimiento del alisado taninoplstia."},{"@type":"BreadcrumbList","@id":"https:\/\/esmmanbeauty.es\/producto\/champu-antienvejecimiento-de-plasma-liquido\/#breadcrumb","itemListElement":[{"@type":"ListItem","position":1,"name":"Portada","item":"https:\/\/esmmanbeauty.es\/"},{"@type":"ListItem","position":2,"name":"Tienda","item":"https:\/\/esmmanbeauty.es\/tienda\/"},{"@type":"ListItem","position":3,"name":"Evox Everday Shampoo 400ml"}]},{"@type":"WebSite","@id":"https:\/\/esmmanbeauty.es\/#website","url":"https:\/\/esmmanbeauty.es\/","name":"Esmman Beauty","description":"Asistencia y venta para profesionales de la peluquer\u00eda y la est\u00e9tica","potentialAction":[{"@type":"SearchAction","target":{"@type":"EntryPoint","urlTemplate":"https:\/\/esmmanbeauty.es\/?s={search_term_string}"},"query-input":{"@type":"PropertyValueSpecification","valueRequired":true,"valueName":"search_term_string"}}],"inLanguage":"en-GB"}]}},"_links":{"self":[{"href":"https:\/\/esmmanbeauty.es\/en\/wp-json\/wp\/v2\/product\/6440","targetHints":{"allow":["GET"]}}],"collection":[{"href":"https:\/\/esmmanbeauty.es\/en\/wp-json\/wp\/v2\/product"}],"about":[{"href":"https:\/\/esmmanbeauty.es\/en\/wp-json\/wp\/v2\/types\/product"}],"replies":[{"embeddable":true,"href":"https:\/\/esmmanbeauty.es\/en\/wp-json\/wp\/v2\/comments?post=6440"}],"wp:featuredmedia":[{"embeddable":true,"href":"https:\/\/esmmanbeauty.es\/en\/wp-json\/wp\/v2\/media\/6624"}],"wp:attachment":[{"href":"https:\/\/esmmanbeauty.es\/en\/wp-json\/wp\/v2\/media?parent=6440"}],"wp:term":[{"taxonomy":"product_brand","embeddable":true,"href":"https:\/\/esmmanbeauty.es\/en\/wp-json\/wp\/v2\/product_brand?post=6440"},{"taxonomy":"product_cat","embeddable":true,"href":"https:\/\/esmmanbeauty.es\/en\/wp-json\/wp\/v2\/product_cat?post=6440"},{"taxonomy":"product_tag","embeddable":true,"href":"https:\/\/esmmanbeauty.es\/en\/wp-json\/wp\/v2\/product_tag?post=6440"}],"curies":[{"name":"wp","href":"https:\/\/api.w.org\/{rel}","templated":true}]}}