{"id":6438,"date":"2025-01-02T09:41:39","date_gmt":"2025-01-02T09:41:39","guid":{"rendered":"https:\/\/esmmanbeauty.es\/?post_type=product&#038;p=6438"},"modified":"2025-01-02T09:44:41","modified_gmt":"2025-01-02T09:44:41","slug":"keratin-shampoo","status":"publish","type":"product","link":"https:\/\/esmmanbeauty.es\/en\/product\/keratin-shampoo\/","title":{"rendered":"Keratin Shampoo"},"content":{"rendered":"","protected":false},"excerpt":{"rendered":"<p>\u00bfQuieres un cabello sano, con volumen, sin puntas abiertas y superbrillante, pero no quieres renunciar a tu longitud con un corte dr\u00e1stico?<\/p>\n<p>Mood te ofrece la l\u00ednea Keratin, a base de queratina vegetal y Multi-Mineral Complex, un innovador complejo mineral derivado de un proceso de biofermentaci\u00f3n, para un resultado visible desde la primera aplicaci\u00f3n.<\/p>\n<p>Keratin Shampoo es el champ\u00fa que te deja el cabello inmediatamente m\u00e1s fuerte, sedoso y brillante y que, adem\u00e1s, facilita el peinado, pero sin apelmazar. \u00a1No m\u00e1s puntas abiertas!<\/p>\n<p>F\u00f3rmula vegana, sin SLES ni sal.<\/p>\n<p>400 ml<\/p>","protected":false},"featured_media":6439,"comment_status":"open","ping_status":"closed","template":"","meta":[],"product_brand":[],"product_cat":[52],"product_tag":[],"class_list":{"0":"post-6438","1":"product","2":"type-product","3":"status-publish","4":"has-post-thumbnail","6":"product_cat-mood","8":"first","9":"outofstock","10":"taxable","11":"shipping-taxable","12":"purchasable","13":"product-type-simple"},"yoast_head":"<!-- This site is optimized with the Yoast SEO plugin v26.8 - https:\/\/yoast.com\/product\/yoast-seo-wordpress\/ -->\n<title>Keratin Shampoo - Esmman Beauty<\/title>\n<meta name=\"robots\" content=\"index, follow, max-snippet:-1, max-image-preview:large, max-video-preview:-1\" \/>\n<link rel=\"canonical\" href=\"https:\/\/esmmanbeauty.es\/en\/product\/keratin-shampoo\/\" \/>\n<meta property=\"og:locale\" content=\"en_GB\" \/>\n<meta property=\"og:type\" content=\"article\" \/>\n<meta property=\"og:title\" content=\"Keratin Shampoo - Esmman Beauty\" \/>\n<meta property=\"og:description\" content=\"\u00bfQuieres un cabello sano, con volumen, sin puntas abiertas y superbrillante, pero no quieres renunciar a tu longitud con un corte dr\u00e1stico?  Mood te ofrece la l\u00ednea Keratin, a base de queratina vegetal y Multi-Mineral Complex, un innovador complejo mineral derivado de un proceso de biofermentaci\u00f3n, para un resultado visible desde la primera aplicaci\u00f3n.  Keratin Shampoo es el champ\u00fa que te deja el cabello inmediatamente m\u00e1s fuerte, sedoso y brillante y que, adem\u00e1s, facilita el peinado, pero sin apelmazar. \u00a1No m\u00e1s puntas abiertas!  F\u00f3rmula vegana, sin SLES ni sal.  400 ml\" \/>\n<meta property=\"og:url\" content=\"https:\/\/esmmanbeauty.es\/en\/product\/keratin-shampoo\/\" \/>\n<meta property=\"og:site_name\" content=\"Esmman Beauty\" \/>\n<meta property=\"article:modified_time\" content=\"2025-01-02T09:44:41+00:00\" \/>\n<meta property=\"og:image\" content=\"https:\/\/esmmanbeauty.es\/wp-content\/uploads\/2025\/01\/mood-keratin-shampoo-733x1024.png\" \/>\n\t<meta property=\"og:image:width\" content=\"733\" \/>\n\t<meta property=\"og:image:height\" content=\"1024\" \/>\n\t<meta property=\"og:image:type\" content=\"image\/png\" \/>\n<meta name=\"twitter:card\" content=\"summary_large_image\" \/>\n<script type=\"application\/ld+json\" class=\"yoast-schema-graph\">{\"@context\":\"https:\/\/schema.org\",\"@graph\":[{\"@type\":\"WebPage\",\"@id\":\"https:\/\/esmmanbeauty.es\/producto\/keratin-shampoo\/\",\"url\":\"https:\/\/esmmanbeauty.es\/producto\/keratin-shampoo\/\",\"name\":\"Keratin Shampoo - Esmman Beauty\",\"isPartOf\":{\"@id\":\"https:\/\/esmmanbeauty.es\/#website\"},\"primaryImageOfPage\":{\"@id\":\"https:\/\/esmmanbeauty.es\/producto\/keratin-shampoo\/#primaryimage\"},\"image\":{\"@id\":\"https:\/\/esmmanbeauty.es\/producto\/keratin-shampoo\/#primaryimage\"},\"thumbnailUrl\":\"https:\/\/esmmanbeauty.es\/wp-content\/uploads\/2025\/01\/mood-keratin-shampoo.png\",\"datePublished\":\"2025-01-02T09:41:39+00:00\",\"dateModified\":\"2025-01-02T09:44:41+00:00\",\"breadcrumb\":{\"@id\":\"https:\/\/esmmanbeauty.es\/producto\/keratin-shampoo\/#breadcrumb\"},\"inLanguage\":\"en-GB\",\"potentialAction\":[{\"@type\":\"ReadAction\",\"target\":[\"https:\/\/esmmanbeauty.es\/producto\/keratin-shampoo\/\"]}]},{\"@type\":\"ImageObject\",\"inLanguage\":\"en-GB\",\"@id\":\"https:\/\/esmmanbeauty.es\/producto\/keratin-shampoo\/#primaryimage\",\"url\":\"https:\/\/esmmanbeauty.es\/wp-content\/uploads\/2025\/01\/mood-keratin-shampoo.png\",\"contentUrl\":\"https:\/\/esmmanbeauty.es\/wp-content\/uploads\/2025\/01\/mood-keratin-shampoo.png\",\"width\":1764,\"height\":2463},{\"@type\":\"BreadcrumbList\",\"@id\":\"https:\/\/esmmanbeauty.es\/producto\/keratin-shampoo\/#breadcrumb\",\"itemListElement\":[{\"@type\":\"ListItem\",\"position\":1,\"name\":\"Portada\",\"item\":\"https:\/\/esmmanbeauty.es\/\"},{\"@type\":\"ListItem\",\"position\":2,\"name\":\"Tienda\",\"item\":\"https:\/\/esmmanbeauty.es\/tienda\/\"},{\"@type\":\"ListItem\",\"position\":3,\"name\":\"Keratin Shampoo\"}]},{\"@type\":\"WebSite\",\"@id\":\"https:\/\/esmmanbeauty.es\/#website\",\"url\":\"https:\/\/esmmanbeauty.es\/\",\"name\":\"Esmman Beauty\",\"description\":\"Asistencia y venta para profesionales de la peluquer\u00eda y la est\u00e9tica\",\"potentialAction\":[{\"@type\":\"SearchAction\",\"target\":{\"@type\":\"EntryPoint\",\"urlTemplate\":\"https:\/\/esmmanbeauty.es\/?s={search_term_string}\"},\"query-input\":{\"@type\":\"PropertyValueSpecification\",\"valueRequired\":true,\"valueName\":\"search_term_string\"}}],\"inLanguage\":\"en-GB\"}]}<\/script>\n<!-- \/ Yoast SEO plugin. -->","yoast_head_json":{"title":"Keratin Shampoo - Esmman Beauty","robots":{"index":"index","follow":"follow","max-snippet":"max-snippet:-1","max-image-preview":"max-image-preview:large","max-video-preview":"max-video-preview:-1"},"canonical":"https:\/\/esmmanbeauty.es\/en\/product\/keratin-shampoo\/","og_locale":"en_GB","og_type":"article","og_title":"Keratin Shampoo - Esmman Beauty","og_description":"\u00bfQuieres un cabello sano, con volumen, sin puntas abiertas y superbrillante, pero no quieres renunciar a tu longitud con un corte dr\u00e1stico?  Mood te ofrece la l\u00ednea Keratin, a base de queratina vegetal y Multi-Mineral Complex, un innovador complejo mineral derivado de un proceso de biofermentaci\u00f3n, para un resultado visible desde la primera aplicaci\u00f3n.  Keratin Shampoo es el champ\u00fa que te deja el cabello inmediatamente m\u00e1s fuerte, sedoso y brillante y que, adem\u00e1s, facilita el peinado, pero sin apelmazar. \u00a1No m\u00e1s puntas abiertas!  F\u00f3rmula vegana, sin SLES ni sal.  400 ml","og_url":"https:\/\/esmmanbeauty.es\/en\/product\/keratin-shampoo\/","og_site_name":"Esmman Beauty","article_modified_time":"2025-01-02T09:44:41+00:00","og_image":[{"width":733,"height":1024,"url":"https:\/\/esmmanbeauty.es\/wp-content\/uploads\/2025\/01\/mood-keratin-shampoo-733x1024.png","type":"image\/png"}],"twitter_card":"summary_large_image","schema":{"@context":"https:\/\/schema.org","@graph":[{"@type":"WebPage","@id":"https:\/\/esmmanbeauty.es\/producto\/keratin-shampoo\/","url":"https:\/\/esmmanbeauty.es\/producto\/keratin-shampoo\/","name":"Keratin Shampoo - Esmman Beauty","isPartOf":{"@id":"https:\/\/esmmanbeauty.es\/#website"},"primaryImageOfPage":{"@id":"https:\/\/esmmanbeauty.es\/producto\/keratin-shampoo\/#primaryimage"},"image":{"@id":"https:\/\/esmmanbeauty.es\/producto\/keratin-shampoo\/#primaryimage"},"thumbnailUrl":"https:\/\/esmmanbeauty.es\/wp-content\/uploads\/2025\/01\/mood-keratin-shampoo.png","datePublished":"2025-01-02T09:41:39+00:00","dateModified":"2025-01-02T09:44:41+00:00","breadcrumb":{"@id":"https:\/\/esmmanbeauty.es\/producto\/keratin-shampoo\/#breadcrumb"},"inLanguage":"en-GB","potentialAction":[{"@type":"ReadAction","target":["https:\/\/esmmanbeauty.es\/producto\/keratin-shampoo\/"]}]},{"@type":"ImageObject","inLanguage":"en-GB","@id":"https:\/\/esmmanbeauty.es\/producto\/keratin-shampoo\/#primaryimage","url":"https:\/\/esmmanbeauty.es\/wp-content\/uploads\/2025\/01\/mood-keratin-shampoo.png","contentUrl":"https:\/\/esmmanbeauty.es\/wp-content\/uploads\/2025\/01\/mood-keratin-shampoo.png","width":1764,"height":2463},{"@type":"BreadcrumbList","@id":"https:\/\/esmmanbeauty.es\/producto\/keratin-shampoo\/#breadcrumb","itemListElement":[{"@type":"ListItem","position":1,"name":"Portada","item":"https:\/\/esmmanbeauty.es\/"},{"@type":"ListItem","position":2,"name":"Tienda","item":"https:\/\/esmmanbeauty.es\/tienda\/"},{"@type":"ListItem","position":3,"name":"Keratin Shampoo"}]},{"@type":"WebSite","@id":"https:\/\/esmmanbeauty.es\/#website","url":"https:\/\/esmmanbeauty.es\/","name":"Esmman Beauty","description":"Asistencia y venta para profesionales de la peluquer\u00eda y la est\u00e9tica","potentialAction":[{"@type":"SearchAction","target":{"@type":"EntryPoint","urlTemplate":"https:\/\/esmmanbeauty.es\/?s={search_term_string}"},"query-input":{"@type":"PropertyValueSpecification","valueRequired":true,"valueName":"search_term_string"}}],"inLanguage":"en-GB"}]}},"_links":{"self":[{"href":"https:\/\/esmmanbeauty.es\/en\/wp-json\/wp\/v2\/product\/6438","targetHints":{"allow":["GET"]}}],"collection":[{"href":"https:\/\/esmmanbeauty.es\/en\/wp-json\/wp\/v2\/product"}],"about":[{"href":"https:\/\/esmmanbeauty.es\/en\/wp-json\/wp\/v2\/types\/product"}],"replies":[{"embeddable":true,"href":"https:\/\/esmmanbeauty.es\/en\/wp-json\/wp\/v2\/comments?post=6438"}],"wp:featuredmedia":[{"embeddable":true,"href":"https:\/\/esmmanbeauty.es\/en\/wp-json\/wp\/v2\/media\/6439"}],"wp:attachment":[{"href":"https:\/\/esmmanbeauty.es\/en\/wp-json\/wp\/v2\/media?parent=6438"}],"wp:term":[{"taxonomy":"product_brand","embeddable":true,"href":"https:\/\/esmmanbeauty.es\/en\/wp-json\/wp\/v2\/product_brand?post=6438"},{"taxonomy":"product_cat","embeddable":true,"href":"https:\/\/esmmanbeauty.es\/en\/wp-json\/wp\/v2\/product_cat?post=6438"},{"taxonomy":"product_tag","embeddable":true,"href":"https:\/\/esmmanbeauty.es\/en\/wp-json\/wp\/v2\/product_tag?post=6438"}],"curies":[{"name":"wp","href":"https:\/\/api.w.org\/{rel}","templated":true}]}}