{"id":1450,"date":"2021-02-14T04:11:42","date_gmt":"2021-02-14T04:11:42","guid":{"rendered":"http:\/\/themenectar.com\/demo\/salient-ecommerce-robust\/?post_type=product&#038;p=1450"},"modified":"2025-01-02T09:41:27","modified_gmt":"2025-01-02T09:41:27","slug":"hydrating-cream","status":"publish","type":"product","link":"https:\/\/esmmanbeauty.es\/en\/product\/hydrating-cream\/","title":{"rendered":"Keratin Mask"},"content":{"rendered":"","protected":false},"excerpt":{"rendered":"<p>\u00bfQuieres un cabello sano, con volumen, sin puntas abiertas y superbrillante, pero no quieres renunciar a tu longitud con un corte dr\u00e1stico?<\/p>\n<p>Mood te ofrece la l\u00ednea Keratin, a base de queratina vegetal y Multi-Mineral Complex, un innovador complejo glucop\u00e9ptido mineral derivado de un proceso de biofermentaci\u00f3n, para un resultado visible desde la primera aplicaci\u00f3n.<\/p>\n<p>Mood Keratin Mask es la mascarilla efecto seda perfecta para el cabello largo: fortalece el cabello, dej\u00e1ndolo el\u00e1stico y f\u00e1cil de peinar, y previene la rotura y la aparici\u00f3n de puntas abiertas.<\/p>\n<p>300 ml<\/p>","protected":false},"featured_media":6436,"comment_status":"open","ping_status":"closed","template":"","meta":[],"product_brand":[],"product_cat":[52],"product_tag":[],"class_list":{"0":"post-1450","1":"product","2":"type-product","3":"status-publish","4":"has-post-thumbnail","6":"product_cat-mood","8":"first","9":"outofstock","10":"taxable","11":"shipping-taxable","12":"purchasable","13":"product-type-simple"},"yoast_head":"<!-- This site is optimized with the Yoast SEO plugin v26.8 - https:\/\/yoast.com\/product\/yoast-seo-wordpress\/ -->\n<title>Keratin Mask - Esmman Beauty<\/title>\n<meta name=\"robots\" content=\"index, follow, max-snippet:-1, max-image-preview:large, max-video-preview:-1\" \/>\n<link rel=\"canonical\" href=\"https:\/\/esmmanbeauty.es\/en\/product\/hydrating-cream\/\" \/>\n<meta property=\"og:locale\" content=\"en_GB\" \/>\n<meta property=\"og:type\" content=\"article\" \/>\n<meta property=\"og:title\" content=\"Keratin Mask - Esmman Beauty\" \/>\n<meta property=\"og:description\" content=\"\u00bfQuieres un cabello sano, con volumen, sin puntas abiertas y superbrillante, pero no quieres renunciar a tu longitud con un corte dr\u00e1stico?  Mood te ofrece la l\u00ednea Keratin, a base de queratina vegetal y Multi-Mineral Complex, un innovador complejo glucop\u00e9ptido mineral derivado de un proceso de biofermentaci\u00f3n, para un resultado visible desde la primera aplicaci\u00f3n.  Mood Keratin Mask es la mascarilla efecto seda perfecta para el cabello largo: fortalece el cabello, dej\u00e1ndolo el\u00e1stico y f\u00e1cil de peinar, y previene la rotura y la aparici\u00f3n de puntas abiertas.  300 ml\" \/>\n<meta property=\"og:url\" content=\"https:\/\/esmmanbeauty.es\/en\/product\/hydrating-cream\/\" \/>\n<meta property=\"og:site_name\" content=\"Esmman Beauty\" \/>\n<meta property=\"article:modified_time\" content=\"2025-01-02T09:41:27+00:00\" \/>\n<meta property=\"og:image\" content=\"https:\/\/esmmanbeauty.es\/wp-content\/uploads\/2021\/02\/Mood-Keratin-Mask-733x1024.png\" \/>\n\t<meta property=\"og:image:width\" content=\"733\" \/>\n\t<meta property=\"og:image:height\" content=\"1024\" \/>\n\t<meta property=\"og:image:type\" content=\"image\/png\" \/>\n<meta name=\"twitter:card\" content=\"summary_large_image\" \/>\n<script type=\"application\/ld+json\" class=\"yoast-schema-graph\">{\"@context\":\"https:\/\/schema.org\",\"@graph\":[{\"@type\":\"WebPage\",\"@id\":\"https:\/\/esmmanbeauty.es\/producto\/hydrating-cream\/\",\"url\":\"https:\/\/esmmanbeauty.es\/producto\/hydrating-cream\/\",\"name\":\"Keratin Mask - Esmman Beauty\",\"isPartOf\":{\"@id\":\"https:\/\/esmmanbeauty.es\/#website\"},\"primaryImageOfPage\":{\"@id\":\"https:\/\/esmmanbeauty.es\/producto\/hydrating-cream\/#primaryimage\"},\"image\":{\"@id\":\"https:\/\/esmmanbeauty.es\/producto\/hydrating-cream\/#primaryimage\"},\"thumbnailUrl\":\"https:\/\/esmmanbeauty.es\/wp-content\/uploads\/2021\/02\/Mood-Keratin-Mask.png\",\"datePublished\":\"2021-02-14T04:11:42+00:00\",\"dateModified\":\"2025-01-02T09:41:27+00:00\",\"breadcrumb\":{\"@id\":\"https:\/\/esmmanbeauty.es\/producto\/hydrating-cream\/#breadcrumb\"},\"inLanguage\":\"en-GB\",\"potentialAction\":[{\"@type\":\"ReadAction\",\"target\":[\"https:\/\/esmmanbeauty.es\/producto\/hydrating-cream\/\"]}]},{\"@type\":\"ImageObject\",\"inLanguage\":\"en-GB\",\"@id\":\"https:\/\/esmmanbeauty.es\/producto\/hydrating-cream\/#primaryimage\",\"url\":\"https:\/\/esmmanbeauty.es\/wp-content\/uploads\/2021\/02\/Mood-Keratin-Mask.png\",\"contentUrl\":\"https:\/\/esmmanbeauty.es\/wp-content\/uploads\/2021\/02\/Mood-Keratin-Mask.png\",\"width\":1764,\"height\":2463},{\"@type\":\"BreadcrumbList\",\"@id\":\"https:\/\/esmmanbeauty.es\/producto\/hydrating-cream\/#breadcrumb\",\"itemListElement\":[{\"@type\":\"ListItem\",\"position\":1,\"name\":\"Portada\",\"item\":\"https:\/\/esmmanbeauty.es\/\"},{\"@type\":\"ListItem\",\"position\":2,\"name\":\"Tienda\",\"item\":\"https:\/\/esmmanbeauty.es\/tienda\/\"},{\"@type\":\"ListItem\",\"position\":3,\"name\":\"Keratin Mask\"}]},{\"@type\":\"WebSite\",\"@id\":\"https:\/\/esmmanbeauty.es\/#website\",\"url\":\"https:\/\/esmmanbeauty.es\/\",\"name\":\"Esmman Beauty\",\"description\":\"Asistencia y venta para profesionales de la peluquer\u00eda y la est\u00e9tica\",\"potentialAction\":[{\"@type\":\"SearchAction\",\"target\":{\"@type\":\"EntryPoint\",\"urlTemplate\":\"https:\/\/esmmanbeauty.es\/?s={search_term_string}\"},\"query-input\":{\"@type\":\"PropertyValueSpecification\",\"valueRequired\":true,\"valueName\":\"search_term_string\"}}],\"inLanguage\":\"en-GB\"}]}<\/script>\n<!-- \/ Yoast SEO plugin. -->","yoast_head_json":{"title":"Keratin Mask - Esmman Beauty","robots":{"index":"index","follow":"follow","max-snippet":"max-snippet:-1","max-image-preview":"max-image-preview:large","max-video-preview":"max-video-preview:-1"},"canonical":"https:\/\/esmmanbeauty.es\/en\/product\/hydrating-cream\/","og_locale":"en_GB","og_type":"article","og_title":"Keratin Mask - Esmman Beauty","og_description":"\u00bfQuieres un cabello sano, con volumen, sin puntas abiertas y superbrillante, pero no quieres renunciar a tu longitud con un corte dr\u00e1stico?  Mood te ofrece la l\u00ednea Keratin, a base de queratina vegetal y Multi-Mineral Complex, un innovador complejo glucop\u00e9ptido mineral derivado de un proceso de biofermentaci\u00f3n, para un resultado visible desde la primera aplicaci\u00f3n.  Mood Keratin Mask es la mascarilla efecto seda perfecta para el cabello largo: fortalece el cabello, dej\u00e1ndolo el\u00e1stico y f\u00e1cil de peinar, y previene la rotura y la aparici\u00f3n de puntas abiertas.  300 ml","og_url":"https:\/\/esmmanbeauty.es\/en\/product\/hydrating-cream\/","og_site_name":"Esmman Beauty","article_modified_time":"2025-01-02T09:41:27+00:00","og_image":[{"width":733,"height":1024,"url":"https:\/\/esmmanbeauty.es\/wp-content\/uploads\/2021\/02\/Mood-Keratin-Mask-733x1024.png","type":"image\/png"}],"twitter_card":"summary_large_image","schema":{"@context":"https:\/\/schema.org","@graph":[{"@type":"WebPage","@id":"https:\/\/esmmanbeauty.es\/producto\/hydrating-cream\/","url":"https:\/\/esmmanbeauty.es\/producto\/hydrating-cream\/","name":"Keratin Mask - Esmman Beauty","isPartOf":{"@id":"https:\/\/esmmanbeauty.es\/#website"},"primaryImageOfPage":{"@id":"https:\/\/esmmanbeauty.es\/producto\/hydrating-cream\/#primaryimage"},"image":{"@id":"https:\/\/esmmanbeauty.es\/producto\/hydrating-cream\/#primaryimage"},"thumbnailUrl":"https:\/\/esmmanbeauty.es\/wp-content\/uploads\/2021\/02\/Mood-Keratin-Mask.png","datePublished":"2021-02-14T04:11:42+00:00","dateModified":"2025-01-02T09:41:27+00:00","breadcrumb":{"@id":"https:\/\/esmmanbeauty.es\/producto\/hydrating-cream\/#breadcrumb"},"inLanguage":"en-GB","potentialAction":[{"@type":"ReadAction","target":["https:\/\/esmmanbeauty.es\/producto\/hydrating-cream\/"]}]},{"@type":"ImageObject","inLanguage":"en-GB","@id":"https:\/\/esmmanbeauty.es\/producto\/hydrating-cream\/#primaryimage","url":"https:\/\/esmmanbeauty.es\/wp-content\/uploads\/2021\/02\/Mood-Keratin-Mask.png","contentUrl":"https:\/\/esmmanbeauty.es\/wp-content\/uploads\/2021\/02\/Mood-Keratin-Mask.png","width":1764,"height":2463},{"@type":"BreadcrumbList","@id":"https:\/\/esmmanbeauty.es\/producto\/hydrating-cream\/#breadcrumb","itemListElement":[{"@type":"ListItem","position":1,"name":"Portada","item":"https:\/\/esmmanbeauty.es\/"},{"@type":"ListItem","position":2,"name":"Tienda","item":"https:\/\/esmmanbeauty.es\/tienda\/"},{"@type":"ListItem","position":3,"name":"Keratin Mask"}]},{"@type":"WebSite","@id":"https:\/\/esmmanbeauty.es\/#website","url":"https:\/\/esmmanbeauty.es\/","name":"Esmman Beauty","description":"Asistencia y venta para profesionales de la peluquer\u00eda y la est\u00e9tica","potentialAction":[{"@type":"SearchAction","target":{"@type":"EntryPoint","urlTemplate":"https:\/\/esmmanbeauty.es\/?s={search_term_string}"},"query-input":{"@type":"PropertyValueSpecification","valueRequired":true,"valueName":"search_term_string"}}],"inLanguage":"en-GB"}]}},"_links":{"self":[{"href":"https:\/\/esmmanbeauty.es\/en\/wp-json\/wp\/v2\/product\/1450","targetHints":{"allow":["GET"]}}],"collection":[{"href":"https:\/\/esmmanbeauty.es\/en\/wp-json\/wp\/v2\/product"}],"about":[{"href":"https:\/\/esmmanbeauty.es\/en\/wp-json\/wp\/v2\/types\/product"}],"replies":[{"embeddable":true,"href":"https:\/\/esmmanbeauty.es\/en\/wp-json\/wp\/v2\/comments?post=1450"}],"wp:featuredmedia":[{"embeddable":true,"href":"https:\/\/esmmanbeauty.es\/en\/wp-json\/wp\/v2\/media\/6436"}],"wp:attachment":[{"href":"https:\/\/esmmanbeauty.es\/en\/wp-json\/wp\/v2\/media?parent=1450"}],"wp:term":[{"taxonomy":"product_brand","embeddable":true,"href":"https:\/\/esmmanbeauty.es\/en\/wp-json\/wp\/v2\/product_brand?post=1450"},{"taxonomy":"product_cat","embeddable":true,"href":"https:\/\/esmmanbeauty.es\/en\/wp-json\/wp\/v2\/product_cat?post=1450"},{"taxonomy":"product_tag","embeddable":true,"href":"https:\/\/esmmanbeauty.es\/en\/wp-json\/wp\/v2\/product_tag?post=1450"}],"curies":[{"name":"wp","href":"https:\/\/api.w.org\/{rel}","templated":true}]}}