{"id":6617,"date":"2026-02-02T12:14:49","date_gmt":"2026-02-02T12:14:49","guid":{"rendered":"https:\/\/esmmanbeauty.es\/?page_id=6617"},"modified":"2026-02-02T12:14:55","modified_gmt":"2026-02-02T12:14:55","slug":"aviso-legal","status":"publish","type":"page","link":"https:\/\/esmmanbeauty.es\/en\/aviso-legal\/","title":{"rendered":"Aviso Legal"},"content":{"rendered":"<div id=\"fws_69dde0ee3bb28\"  data-column-margin=\"default\" data-midnight=\"dark\"  class=\"wpb_row vc_row-fluid vc_row\"  style=\"padding-top: 0px; padding-bottom: 0px; \"><div class=\"row-bg-wrap\" data-bg-animation=\"none\" data-bg-animation-delay=\"\" data-bg-overlay=\"false\"><div class=\"inner-wrap row-bg-layer\" ><div class=\"row-bg viewport-desktop\"  style=\"\"><\/div><\/div><\/div><div class=\"row_col_wrap_12 col span_12 dark left\">\n\t<div  class=\"vc_col-sm-12 wpb_column column_container vc_column_container col no-extra-padding inherit_tablet inherit_phone\"  data-padding-pos=\"all\" data-has-bg-color=\"false\" data-bg-color=\"\" data-bg-opacity=\"1\" data-animation=\"\" data-delay=\"0\" >\n\t\t<div class=\"vc_column-inner\" >\n\t\t\t<div class=\"wpb_wrapper\">\n\t\t\t\t\n<div class=\"wpb_text_column wpb_content_element\" >\n\t<div class=\"wpb_wrapper\">\n\t\t<h1 class=\"wp-block-heading\">Aviso Legal<\/h1>\n<p>Por favor, lee atentamente el siguiente Aviso Legal que regula el acceso y el uso del sitio web https:\/\/esmmanbeauty.es (en adelante, ESMMAN BEAUTY, S.L.). Este Aviso Legal establece las condiciones de uso y las limitaciones de responsabilidad que debes tener en cuenta al acceder y utilizar el Sitio Web.<\/p>\n<h2><strong>Condiciones de Uso<\/strong><\/h2>\n<p>El acceso y uso del Sitio Web est\u00e1n sujetos a las siguientes condiciones:<\/p>\n<ol>\n<li><strong>Propiedad Intelectual:<\/strong> Todos los derechos de propiedad intelectual del contenido del Sitio Web, incluyendo textos, im\u00e1genes, dise\u00f1o gr\u00e1fico, logotipos, sonidos, software, y otros elementos, son propiedad de ESMMAN BEAUTY, S.L. o de terceros que han autorizado su uso. Queda estrictamente prohibida la reproducci\u00f3n, distribuci\u00f3n, o modificaci\u00f3n de cualquier contenido sin la autorizaci\u00f3n previa y por escrito de ESMMAN BEAUTY, S.L.<\/li>\n<li><strong>Enlaces:<\/strong> El Sitio Web puede contener enlaces a sitios web de terceros. ESMMAN BEAUTY, S.L. no se responsabiliza del contenido de estos sitios ni de los posibles da\u00f1os o perjuicios que puedan surgir por su uso.<\/li>\n<li><strong>Privacidad:<\/strong>\u00a0La recopilaci\u00f3n y tratamiento de datos personales se rige por nuestra Pol\u00edtica de Privacidad. Te recomendamos revisar esta pol\u00edtica para comprender c\u00f3mo gestionamos tus datos.<\/li>\n<li><strong>Exclusi\u00f3n de Responsabilidad:<\/strong> ESMMAN BEAUTY, S.L. no se responsabiliza de posibles errores u omisiones en el contenido del Sitio Web ni de los da\u00f1os derivados del uso de la informaci\u00f3n proporcionada.<\/li>\n<\/ol>\n<h2><strong>Ley Aplicable y Jurisdicci\u00f3n<\/strong><\/h2>\n<p>Este Aviso Legal se rige por la legislaci\u00f3n espa\u00f1ola. Cualquier disputa que surja en relaci\u00f3n con este Sitio Web estar\u00e1 sujeta a la jurisdicci\u00f3n de los tribunales de ESMMAN BEAUTY, S.L.(o el lugar que corresponda seg\u00fan la legislaci\u00f3n aplicable).<\/p>\n<h2><strong>Aceptaci\u00f3n de las Condiciones<\/strong><\/h2>\n<p>Al acceder y utilizar el Sitio Web, aceptas y te comprometes a cumplir con las condiciones establecidas en este Aviso Legal. Si no est\u00e1s de acuerdo con estas condiciones, te recomendamos que no utilices el Sitio Web.<\/p>\n<p>ESMMAN BEAUTY, S.L. se reserva el derecho de modificar este Aviso Legal en cualquier momento.<\/p>\n<p>Nos reservamos el derecho a rechazar, cancelar o reducir la cantidad de cualquier pedido, de forma parcial o total, en cualquier momento antes del env\u00edo.<\/p>\n<p>Nos reservamos el derecho a cancelar cualquier cuenta o negarnos a realizar env\u00edos a ciertas direcciones por sospechas de fraude, actividad no autorizada o ilegal.<\/p>\n<h2><strong>Contacto<\/strong><\/h2>\n<p>Si tienes alguna pregunta o comentario sobre este Aviso Legal, por favor, cont\u00e1ctanos a trav\u00e9s de la informaci\u00f3n de contacto proporcionada en el Sitio Web.<\/p>\n<h2><strong>Datos identificativos<\/strong><!-- notionvc: 2b177864-f839-43c5-a3f6-8062ebe0c4fc --><\/h2>\n<ul>\n<li>Titular: ESMMAN BEAUTY, S.L.<\/li>\n<li>CIF: B66920034<\/li>\n<li>Direcci\u00f3n: C\/ SANT ANTONI 17 LOCAL 7 \u2013 08370, CALELLA, BARCELONA<\/li>\n<li>Correo electr\u00f3nico: <a class=\"notion-link-token notion-focusable-token notion-enable-hover\" tabindex=\"0\" href=\"mailto:mmbeautyproducts@gmail.com\" rel=\"noopener noreferrer\" data-token-index=\"0\"><span class=\"link-annotation-unknown-block-id-1128594297\">mmbeautyproducts@gmail.com<\/span><\/a><!-- notionvc: 3e6231c4-89cd-481b-8f46-d36e93bbd1f8 --><\/li>\n<li>Sitio Web:\u00a0<span class=\"resaltar\">www.esmmanbeauty.com<\/span><\/li>\n<\/ul>\n\t<\/div>\n<\/div>\n\n\n\n\n\t\t\t<\/div> \n\t\t<\/div>\n\t<\/div> \n<\/div><\/div>","protected":false},"excerpt":{"rendered":"Aviso Legal Por favor, lee atentamente el siguiente Aviso Legal que regula el acceso y el uso del sitio web https:\/\/esmmanbeauty.es (en adelante, ESMMAN BEAUTY, S.L.). Este Aviso Legal establece...","protected":false},"author":1,"featured_media":0,"parent":0,"menu_order":0,"comment_status":"closed","ping_status":"open","template":"","meta":{"footnotes":""},"class_list":["post-6617","page","type-page","status-publish"],"yoast_head":"<!-- This site is optimized with the Yoast SEO plugin v26.8 - https:\/\/yoast.com\/product\/yoast-seo-wordpress\/ -->\n<title>Aviso Legal - Esmman Beauty<\/title>\n<meta name=\"robots\" content=\"noindex, nofollow\" \/>\n<meta property=\"og:locale\" content=\"en_GB\" \/>\n<meta property=\"og:type\" content=\"article\" \/>\n<meta property=\"og:title\" content=\"Aviso Legal - Esmman Beauty\" \/>\n<meta property=\"og:url\" content=\"https:\/\/esmmanbeauty.es\/en\/aviso-legal\/\" \/>\n<meta property=\"og:site_name\" content=\"Esmman Beauty\" \/>\n<meta property=\"article:modified_time\" content=\"2026-02-02T12:14:55+00:00\" \/>\n<meta name=\"twitter:card\" content=\"summary_large_image\" \/>\n<meta name=\"twitter:label1\" content=\"Estimated reading time\" \/>\n\t<meta name=\"twitter:data1\" content=\"1 minute\" \/>\n<script type=\"application\/ld+json\" class=\"yoast-schema-graph\">{\"@context\":\"https:\/\/schema.org\",\"@graph\":[{\"@type\":\"WebPage\",\"@id\":\"https:\/\/esmmanbeauty.es\/aviso-legal\/\",\"url\":\"https:\/\/esmmanbeauty.es\/aviso-legal\/\",\"name\":\"Aviso Legal - Esmman Beauty\",\"isPartOf\":{\"@id\":\"https:\/\/esmmanbeauty.es\/#website\"},\"datePublished\":\"2026-02-02T12:14:49+00:00\",\"dateModified\":\"2026-02-02T12:14:55+00:00\",\"breadcrumb\":{\"@id\":\"https:\/\/esmmanbeauty.es\/aviso-legal\/#breadcrumb\"},\"inLanguage\":\"en-GB\",\"potentialAction\":[{\"@type\":\"ReadAction\",\"target\":[\"https:\/\/esmmanbeauty.es\/aviso-legal\/\"]}]},{\"@type\":\"BreadcrumbList\",\"@id\":\"https:\/\/esmmanbeauty.es\/aviso-legal\/#breadcrumb\",\"itemListElement\":[{\"@type\":\"ListItem\",\"position\":1,\"name\":\"Portada\",\"item\":\"https:\/\/esmmanbeauty.es\/\"},{\"@type\":\"ListItem\",\"position\":2,\"name\":\"Aviso Legal\"}]},{\"@type\":\"WebSite\",\"@id\":\"https:\/\/esmmanbeauty.es\/#website\",\"url\":\"https:\/\/esmmanbeauty.es\/\",\"name\":\"Esmman Beauty\",\"description\":\"Asistencia y venta para profesionales de la peluquer\u00eda y la est\u00e9tica\",\"potentialAction\":[{\"@type\":\"SearchAction\",\"target\":{\"@type\":\"EntryPoint\",\"urlTemplate\":\"https:\/\/esmmanbeauty.es\/?s={search_term_string}\"},\"query-input\":{\"@type\":\"PropertyValueSpecification\",\"valueRequired\":true,\"valueName\":\"search_term_string\"}}],\"inLanguage\":\"en-GB\"}]}<\/script>\n<!-- \/ Yoast SEO plugin. -->","yoast_head_json":{"title":"Aviso Legal - Esmman Beauty","robots":{"index":"noindex","follow":"nofollow"},"og_locale":"en_GB","og_type":"article","og_title":"Aviso Legal - Esmman Beauty","og_url":"https:\/\/esmmanbeauty.es\/en\/aviso-legal\/","og_site_name":"Esmman Beauty","article_modified_time":"2026-02-02T12:14:55+00:00","twitter_card":"summary_large_image","twitter_misc":{"Estimated reading time":"1 minute"},"schema":{"@context":"https:\/\/schema.org","@graph":[{"@type":"WebPage","@id":"https:\/\/esmmanbeauty.es\/aviso-legal\/","url":"https:\/\/esmmanbeauty.es\/aviso-legal\/","name":"Aviso Legal - Esmman Beauty","isPartOf":{"@id":"https:\/\/esmmanbeauty.es\/#website"},"datePublished":"2026-02-02T12:14:49+00:00","dateModified":"2026-02-02T12:14:55+00:00","breadcrumb":{"@id":"https:\/\/esmmanbeauty.es\/aviso-legal\/#breadcrumb"},"inLanguage":"en-GB","potentialAction":[{"@type":"ReadAction","target":["https:\/\/esmmanbeauty.es\/aviso-legal\/"]}]},{"@type":"BreadcrumbList","@id":"https:\/\/esmmanbeauty.es\/aviso-legal\/#breadcrumb","itemListElement":[{"@type":"ListItem","position":1,"name":"Portada","item":"https:\/\/esmmanbeauty.es\/"},{"@type":"ListItem","position":2,"name":"Aviso Legal"}]},{"@type":"WebSite","@id":"https:\/\/esmmanbeauty.es\/#website","url":"https:\/\/esmmanbeauty.es\/","name":"Esmman Beauty","description":"Asistencia y venta para profesionales de la peluquer\u00eda y la est\u00e9tica","potentialAction":[{"@type":"SearchAction","target":{"@type":"EntryPoint","urlTemplate":"https:\/\/esmmanbeauty.es\/?s={search_term_string}"},"query-input":{"@type":"PropertyValueSpecification","valueRequired":true,"valueName":"search_term_string"}}],"inLanguage":"en-GB"}]}},"_links":{"self":[{"href":"https:\/\/esmmanbeauty.es\/en\/wp-json\/wp\/v2\/pages\/6617","targetHints":{"allow":["GET"]}}],"collection":[{"href":"https:\/\/esmmanbeauty.es\/en\/wp-json\/wp\/v2\/pages"}],"about":[{"href":"https:\/\/esmmanbeauty.es\/en\/wp-json\/wp\/v2\/types\/page"}],"author":[{"embeddable":true,"href":"https:\/\/esmmanbeauty.es\/en\/wp-json\/wp\/v2\/users\/1"}],"replies":[{"embeddable":true,"href":"https:\/\/esmmanbeauty.es\/en\/wp-json\/wp\/v2\/comments?post=6617"}],"version-history":[{"count":1,"href":"https:\/\/esmmanbeauty.es\/en\/wp-json\/wp\/v2\/pages\/6617\/revisions"}],"predecessor-version":[{"id":6618,"href":"https:\/\/esmmanbeauty.es\/en\/wp-json\/wp\/v2\/pages\/6617\/revisions\/6618"}],"wp:attachment":[{"href":"https:\/\/esmmanbeauty.es\/en\/wp-json\/wp\/v2\/media?parent=6617"}],"curies":[{"name":"wp","href":"https:\/\/api.w.org\/{rel}","templated":true}]}}