{"id":1705,"date":"2024-12-12T11:39:12","date_gmt":"2024-12-12T11:39:12","guid":{"rendered":"http:\/\/esmmanbeauty.es\/?page_id=1705"},"modified":"2025-01-02T12:34:51","modified_gmt":"2025-01-02T12:34:51","slug":"blog","status":"publish","type":"page","link":"https:\/\/esmmanbeauty.es\/en\/blog\/","title":{"rendered":"Blog"},"content":{"rendered":"<div id=\"fws_69de0fb67d7a2\"  data-column-margin=\"default\" data-midnight=\"dark\"  class=\"wpb_row vc_row-fluid vc_row full-width-content vc_row-o-equal-height vc_row-flex vc_row-o-content-top\"  style=\"padding-top: 0px; padding-bottom: 0px; \"><div class=\"row-bg-wrap\" data-bg-animation=\"none\" data-bg-animation-delay=\"\" data-bg-overlay=\"false\"><div class=\"inner-wrap row-bg-layer\" ><div class=\"row-bg viewport-desktop\"  style=\"\"><\/div><\/div><\/div><div class=\"row_col_wrap_12 col span_12 dark left\">\n\t<div  class=\"vc_col-sm-12 wpb_column column_container vc_column_container col no-extra-padding inherit_tablet inherit_phone\"  data-padding-pos=\"all\" data-has-bg-color=\"false\" data-bg-color=\"\" data-bg-opacity=\"1\" data-animation=\"\" data-delay=\"0\" >\n\t\t<div class=\"vc_column-inner\" >\n\t\t\t<div class=\"wpb_wrapper\">\n\t\t\t\t<div id=\"rps_69de0fb67ef4d\" class=\"nectar-recent-posts-single_featured nectar-recent-posts-element multiple_featured parallax_section\" data-max-width=\"default\" data-button-color=\"accent-color\" data-nav-location=\"side\" data-bg-overlay=\"diagonal_gradient\" data-padding=\"14%\" data-autorotate=\"8000\" data-height=\"600\" data-animate-in-effect=\"none\" data-remove-post-date=\"\" data-remove-post-author=\"1\" data-remove-post-comment-number=\"\" data-remove-post-nectar-love=\"\">\n      \n      <div class=\"nectar-recent-post-slide no-bg-img active post-ref-0\">\n\n        <div class=\"row-bg using-image\" data-parallax-speed=\"fast\">\n          <div class=\"nectar-recent-post-bg\"  style=\"background-image: url(https:\/\/esmmanbeauty.es\/wp-content\/uploads\/2013\/03\/peinados-moda-2024.webp); \"><\/div>\n        <\/div>\n\n        <div class=\"recent-post-container container\"><div class=\"inner-wrap\"><div class=\"grav-wrap\"><a href=\"https:\/\/esmmanbeauty.es\/en\/author\/esmman-beauty\/\"><img alt='Esmman Beauty' src='https:\/\/secure.gravatar.com\/avatar\/47be53edd80ea34f116ebcfa24ec2cb0ab9d2c10a76d77fef70781de77ee5749?s=70&#038;d=mm&#038;r=g' srcset='https:\/\/secure.gravatar.com\/avatar\/47be53edd80ea34f116ebcfa24ec2cb0ab9d2c10a76d77fef70781de77ee5749?s=140&#038;d=mm&#038;r=g 2x' class='avatar avatar-70 photo' height='70' width='70' \/><\/a><div class=\"text\"><span>By <a href=\"https:\/\/esmmanbeauty.es\/en\/author\/esmman-beauty\/\" rel=\"author\">Esmman Beauty<\/a><\/span><span> In<\/span> <a class=\"moda\" href=\"https:\/\/esmmanbeauty.es\/en\/category\/moda\/\"><span class=\"moda\">Moda<\/span><\/a><\/div><\/div><h2 class=\"large-featured-post-title post-ref-1\">          <a href=\" https:\/\/esmmanbeauty.es\/en\/moda\/peinados-tendencia-2024\/\" class=\"full-slide-link\"> Peinados que Marcan Tendencia en 2024 <\/a>\n          <\/h2>\n                    <a class=\"nectar-button large regular accent-color regular-button has-icon\" data-arrow-style=\"default\" href=\"https:\/\/esmmanbeauty.es\/en\/moda\/peinados-tendencia-2024\/\" data-color-override=\"false\" data-hover-color-override=\"false\" data-hover-text-color-override=\"#fff\" >\n            <span>Read Article<\/span>\n            <i class=\"icon-button-arrow\"><\/i>          <\/a>\n\n\n\n          <\/div><!--\/inner-wrap-->\n\n        <\/div><!--\/recent-post-container-->\n\n      <\/div><!--\/nectar-recent-post-slide-->\n\n    \n  \n      \n      <div class=\"nectar-recent-post-slide no-bg-img  post-ref-2\">\n\n        <div class=\"row-bg using-image\" data-parallax-speed=\"fast\">\n          <div class=\"nectar-recent-post-bg\"  style=\"background-image: url(https:\/\/esmmanbeauty.es\/wp-content\/uploads\/2024\/12\/cuidado-capilar-up-scaled.jpg); \"><\/div>\n        <\/div>\n\n        <div class=\"recent-post-container container\"><div class=\"inner-wrap\"><div class=\"grav-wrap\"><a href=\"https:\/\/esmmanbeauty.es\/en\/author\/esmman-beauty\/\"><img alt='Esmman Beauty' src='https:\/\/secure.gravatar.com\/avatar\/47be53edd80ea34f116ebcfa24ec2cb0ab9d2c10a76d77fef70781de77ee5749?s=70&#038;d=mm&#038;r=g' srcset='https:\/\/secure.gravatar.com\/avatar\/47be53edd80ea34f116ebcfa24ec2cb0ab9d2c10a76d77fef70781de77ee5749?s=140&#038;d=mm&#038;r=g 2x' class='avatar avatar-70 photo' height='70' width='70' \/><\/a><div class=\"text\"><span>By <a href=\"https:\/\/esmmanbeauty.es\/en\/author\/esmman-beauty\/\" rel=\"author\">Esmman Beauty<\/a><\/span><span> In<\/span> <a class=\"cuidado-capilar\" href=\"https:\/\/esmmanbeauty.es\/en\/category\/cuidado-capilar\/\"><span class=\"cuidado-capilar\">Cuidado Capilar<\/span><\/a><\/div><\/div><h2 class=\"large-featured-post-title post-ref-1\">          <a href=\" https:\/\/esmmanbeauty.es\/en\/salud\/tips-cuidado-capilar\/\" class=\"full-slide-link\"> Tips para Cuidar tu Cabello y Mantenerlo Saludable <\/a>\n          <\/h2>\n                    <a class=\"nectar-button large regular accent-color regular-button has-icon\" data-arrow-style=\"default\" href=\"https:\/\/esmmanbeauty.es\/en\/salud\/tips-cuidado-capilar\/\" data-color-override=\"false\" data-hover-color-override=\"false\" data-hover-text-color-override=\"#fff\" >\n            <span>Read Article<\/span>\n            <i class=\"icon-button-arrow\"><\/i>          <\/a>\n\n\n\n          <\/div><!--\/inner-wrap-->\n\n        <\/div><!--\/recent-post-container-->\n\n      <\/div><!--\/nectar-recent-post-slide-->\n\n    \n  \n      \n      <div class=\"nectar-recent-post-slide no-bg-img  post-ref-2\">\n\n        <div class=\"row-bg using-image\" data-parallax-speed=\"fast\">\n          <div class=\"nectar-recent-post-bg\"  style=\"background-image: url(https:\/\/esmmanbeauty.es\/wp-content\/uploads\/2024\/12\/nak-hair.jpg); \"><\/div>\n        <\/div>\n\n        <div class=\"recent-post-container container\"><div class=\"inner-wrap\"><div class=\"grav-wrap\"><a href=\"https:\/\/esmmanbeauty.es\/en\/author\/esmman-beauty\/\"><img alt='Esmman Beauty' src='https:\/\/secure.gravatar.com\/avatar\/47be53edd80ea34f116ebcfa24ec2cb0ab9d2c10a76d77fef70781de77ee5749?s=70&#038;d=mm&#038;r=g' srcset='https:\/\/secure.gravatar.com\/avatar\/47be53edd80ea34f116ebcfa24ec2cb0ab9d2c10a76d77fef70781de77ee5749?s=140&#038;d=mm&#038;r=g 2x' class='avatar avatar-70 photo' height='70' width='70' \/><\/a><div class=\"text\"><span>By <a href=\"https:\/\/esmmanbeauty.es\/en\/author\/esmman-beauty\/\" rel=\"author\">Esmman Beauty<\/a><\/span><span> In<\/span> <a class=\"belleza\" href=\"https:\/\/esmmanbeauty.es\/en\/category\/belleza\/\"><span class=\"belleza\">Belleza<\/span><\/a><\/div><\/div><h2 class=\"large-featured-post-title post-ref-1\">          <a href=\" https:\/\/esmmanbeauty.es\/en\/moda\/tendencias-articulos-mujer-2024\/\" class=\"full-slide-link\"> Tendencias en Art\u00edculos de Belleza para Mujer 2024 <\/a>\n          <\/h2>\n                    <a class=\"nectar-button large regular accent-color regular-button has-icon\" data-arrow-style=\"default\" href=\"https:\/\/esmmanbeauty.es\/en\/moda\/tendencias-articulos-mujer-2024\/\" data-color-override=\"false\" data-hover-color-override=\"false\" data-hover-text-color-override=\"#fff\" >\n            <span>Read Article<\/span>\n            <i class=\"icon-button-arrow\"><\/i>          <\/a>\n\n\n\n          <\/div><!--\/inner-wrap-->\n\n        <\/div><!--\/recent-post-container-->\n\n      <\/div><!--\/nectar-recent-post-slide-->\n\n    \n  <\/div>\n\t\t\t<\/div> \n\t\t<\/div>\n\t<\/div> \n<\/div><\/div>\n\t\t<div id=\"fws_69de0fb67ff9c\"  data-column-margin=\"default\" data-midnight=\"dark\"  class=\"wpb_row vc_row-fluid vc_row\"  style=\"padding-top: 0px; padding-bottom: 0px; \"><div class=\"row-bg-wrap\" data-bg-animation=\"none\" data-bg-animation-delay=\"\" data-bg-overlay=\"false\"><div class=\"inner-wrap row-bg-layer\" ><div class=\"row-bg viewport-desktop\"  style=\"\"><\/div><\/div><\/div><div class=\"row_col_wrap_12 col span_12 dark left\">\n\t<div style=\"margin-top: -5%; \" class=\"vc_col-sm-12 wpb_column column_container vc_column_container col neg-marg no-extra-padding inherit_tablet inherit_phone\"  data-padding-pos=\"all\" data-has-bg-color=\"false\" data-bg-color=\"\" data-bg-opacity=\"1\" data-animation=\"\" data-delay=\"0\" >\n\t\t<div class=\"vc_column-inner\" >\n\t\t\t<div class=\"wpb_wrapper\">\n\t\t\t\t\n<div class=\"row\">\n\n <div class=\"post-area col  span_12 col_last masonry material\" data-ams=\"\" data-remove-post-date=\"\" data-remove-post-author=\"1\" data-remove-post-comment-number=\"\" data-remove-post-nectar-love=\"\"> <div class=\"posts-container\" data-load-animation=\"perspective\">    \n    <\/div><!--\/posts container-->\n    \n      \n<\/div><!--\/post area-->\n\n  \n\n<\/div>\n\n\n\t\t\t<\/div> \n\t\t<\/div>\n\t<\/div> \n<\/div><\/div>\n\t\t<div id=\"fws_69de0fb680763\"  data-column-margin=\"default\" data-midnight=\"dark\" data-top-percent=\"0%\" data-bottom-percent=\"6%\"  class=\"wpb_row vc_row-fluid vc_row full-width-section\"  style=\"padding-top: calc(100vw * 0.00); padding-bottom: calc(100vw * 0.06); \"><div class=\"row-bg-wrap\" data-bg-animation=\"none\" data-bg-animation-delay=\"\" data-bg-overlay=\"false\"><div class=\"inner-wrap row-bg-layer\" ><div class=\"row-bg viewport-desktop\"  style=\"\"><\/div><\/div><\/div><div class=\"row_col_wrap_12 col span_12 dark left\">\n\t<div  class=\"vc_col-sm-12 wpb_column column_container vc_column_container col no-extra-padding inherit_tablet inherit_phone\"  data-padding-pos=\"all\" data-has-bg-color=\"false\" data-bg-color=\"\" data-bg-opacity=\"1\" data-animation=\"\" data-delay=\"0\" >\n\t\t<div class=\"vc_column-inner\" >\n\t\t\t<div class=\"wpb_wrapper\">\n\t\t\t\t<div id=\"fws_69de0fb6809ee\" data-midnight=\"\" data-column-margin=\"default\" class=\"wpb_row vc_row-fluid vc_row inner_row\"  style=\"\"><div class=\"row-bg-wrap\"> <div class=\"row-bg\" ><\/div> <\/div><div class=\"row_col_wrap_12_inner col span_12  left\">\n\t<div  class=\"vc_col-sm-12 wpb_column column_container vc_column_container col child_column centered-text no-extra-padding inherit_tablet inherit_phone\"   data-padding-pos=\"all\" data-has-bg-color=\"false\" data-bg-color=\"\" data-bg-opacity=\"1\" data-animation=\"\" data-delay=\"0\" >\n\t\t<div class=\"vc_column-inner\" >\n\t\t<div class=\"wpb_wrapper\">\n\t\t\t\n<div class=\"wpb_text_column wpb_content_element\" style=\" max-width: 500px; display: inline-block;\">\n\t<div class=\"wpb_wrapper\">\n\t\t<h3>Art\u00edculos Recientes<\/h3>\n\t<\/div>\n<\/div>\n\n\n\n\n\t\t<\/div> \n\t<\/div>\n\t<\/div> \n<\/div><\/div>\n<div class=\"row\">\n\n <div class=\"post-area col  span_12 col_last masonry auto_meta_overlaid_spaced\" data-ams=\"16px\" data-remove-post-date=\"\" data-remove-post-author=\"\" data-remove-post-comment-number=\"\" data-remove-post-nectar-love=\"\"> <div class=\"posts-container\" data-load-animation=\"none\">     \n     \n<article id=\"post-219\" class=\"masonry-blog-item post-219 post type-post status-publish format-standard has-post-thumbnail category-belleza category-moda category-productos tag-articulos tag-belleza tag-moda tag-mujer\">  \n    \n  <div class=\"inner-wrap animated\">\n    \n    <div class=\"post-content\">\n\n      <div class=\"content-inner\">\n        \n        <a class=\"entire-meta-link\" href=\"https:\/\/esmmanbeauty.es\/en\/moda\/tendencias-articulos-mujer-2024\/\"><span class=\"screen-reader-text\">Tendencias en Art\u00edculos de Belleza para Mujer 2024<\/span><\/a>\n        \n        <span class=\"post-featured-img\"><img loading=\"lazy\" decoding=\"async\" width=\"800\" height=\"800\" src=\"https:\/\/esmmanbeauty.es\/wp-content\/uploads\/2024\/12\/nak-hair-800x800.jpg\" class=\"attachment-medium_featured size-medium_featured skip-lazy wp-post-image\" alt=\"\" title=\"\" sizes=\"auto, (min-width: 690px) 50vw, 100vw\" srcset=\"https:\/\/esmmanbeauty.es\/wp-content\/uploads\/2024\/12\/nak-hair-800x800.jpg 800w, https:\/\/esmmanbeauty.es\/wp-content\/uploads\/2024\/12\/nak-hair-150x150.jpg 150w, https:\/\/esmmanbeauty.es\/wp-content\/uploads\/2024\/12\/nak-hair-140x140.jpg 140w, https:\/\/esmmanbeauty.es\/wp-content\/uploads\/2024\/12\/nak-hair-100x100.jpg 100w, https:\/\/esmmanbeauty.es\/wp-content\/uploads\/2024\/12\/nak-hair-500x500.jpg 500w, https:\/\/esmmanbeauty.es\/wp-content\/uploads\/2024\/12\/nak-hair-350x350.jpg 350w, https:\/\/esmmanbeauty.es\/wp-content\/uploads\/2024\/12\/nak-hair-1000x1000.jpg 1000w, https:\/\/esmmanbeauty.es\/wp-content\/uploads\/2024\/12\/nak-hair-300x300.jpg 300w\" \/><\/span>        \n        <div class=\"article-content-wrap\">\n          \n          <span class=\"meta-category\"><a class=\"belleza\" href=\"https:\/\/esmmanbeauty.es\/en\/category\/belleza\/\">Belleza<\/a><a class=\"moda\" href=\"https:\/\/esmmanbeauty.es\/en\/category\/moda\/\">Moda<\/a><a class=\"productos\" href=\"https:\/\/esmmanbeauty.es\/en\/category\/productos\/\">Productos<\/a><\/span>          \n          <div class=\"post-header\">\n            <h3 class=\"title\"><a href=\"https:\/\/esmmanbeauty.es\/en\/moda\/tendencias-articulos-mujer-2024\/\"> Tendencias en Art\u00edculos de Belleza para Mujer 2024<\/a><\/h3>\n                      <\/div>\n          \n        <\/div><!--article-content-wrap-->\n        \n      <\/div><!--\/content-inner-->\n        \n    <\/div><!--\/post-content-->\n      \n  <\/div><!--\/inner-wrap-->\n    \n<\/article>     \n     \n<article id=\"post-2328\" class=\"masonry-blog-item post-2328 post type-post status-publish format-standard has-post-thumbnail category-cuidado-capilar category-salud tag-cabello tag-cuidado-capilar tag-salud\">  \n    \n  <div class=\"inner-wrap animated\">\n    \n    <div class=\"post-content\">\n\n      <div class=\"content-inner\">\n        \n        <a class=\"entire-meta-link\" href=\"https:\/\/esmmanbeauty.es\/en\/salud\/tips-cuidado-capilar\/\"><span class=\"screen-reader-text\">Tips para Cuidar tu Cabello y Mantenerlo Saludable<\/span><\/a>\n        \n        <span class=\"post-featured-img\"><img loading=\"lazy\" decoding=\"async\" width=\"800\" height=\"800\" src=\"https:\/\/esmmanbeauty.es\/wp-content\/uploads\/2024\/12\/cuidado-capilar-up-800x800.jpg\" class=\"attachment-medium_featured size-medium_featured skip-lazy wp-post-image\" alt=\"\" title=\"\" sizes=\"auto, (min-width: 690px) 50vw, 100vw\" srcset=\"https:\/\/esmmanbeauty.es\/wp-content\/uploads\/2024\/12\/cuidado-capilar-up-800x800.jpg 800w, https:\/\/esmmanbeauty.es\/wp-content\/uploads\/2024\/12\/cuidado-capilar-up-150x150.jpg 150w, https:\/\/esmmanbeauty.es\/wp-content\/uploads\/2024\/12\/cuidado-capilar-up-140x140.jpg 140w, https:\/\/esmmanbeauty.es\/wp-content\/uploads\/2024\/12\/cuidado-capilar-up-100x100.jpg 100w, https:\/\/esmmanbeauty.es\/wp-content\/uploads\/2024\/12\/cuidado-capilar-up-500x500.jpg 500w, https:\/\/esmmanbeauty.es\/wp-content\/uploads\/2024\/12\/cuidado-capilar-up-350x350.jpg 350w, https:\/\/esmmanbeauty.es\/wp-content\/uploads\/2024\/12\/cuidado-capilar-up-1000x1000.jpg 1000w, https:\/\/esmmanbeauty.es\/wp-content\/uploads\/2024\/12\/cuidado-capilar-up-300x300.jpg 300w\" \/><\/span>        \n        <div class=\"article-content-wrap\">\n          \n          <span class=\"meta-category\"><a class=\"cuidado-capilar\" href=\"https:\/\/esmmanbeauty.es\/en\/category\/cuidado-capilar\/\">Cuidado Capilar<\/a><a class=\"salud\" href=\"https:\/\/esmmanbeauty.es\/en\/category\/salud\/\">Salud<\/a><\/span>          \n          <div class=\"post-header\">\n            <h3 class=\"title\"><a href=\"https:\/\/esmmanbeauty.es\/en\/salud\/tips-cuidado-capilar\/\"> Tips para Cuidar tu Cabello y Mantenerlo Saludable<\/a><\/h3>\n                      <\/div>\n          \n        <\/div><!--article-content-wrap-->\n        \n      <\/div><!--\/content-inner-->\n        \n    <\/div><!--\/post-content-->\n      \n  <\/div><!--\/inner-wrap-->\n    \n<\/article>     \n     \n<article id=\"post-6249\" class=\"masonry-blog-item post-6249 post type-post status-publish format-standard has-post-thumbnail category-moda tag-61 tag-peinados tag-tendencias\">  \n    \n  <div class=\"inner-wrap animated\">\n    \n    <div class=\"post-content\">\n\n      <div class=\"content-inner\">\n        \n        <a class=\"entire-meta-link\" href=\"https:\/\/esmmanbeauty.es\/en\/moda\/peinados-tendencia-2024\/\"><span class=\"screen-reader-text\">Peinados que Marcan Tendencia en 2024<\/span><\/a>\n        \n        <span class=\"post-featured-img\"><img loading=\"lazy\" decoding=\"async\" width=\"800\" height=\"800\" src=\"https:\/\/esmmanbeauty.es\/wp-content\/uploads\/2013\/03\/peinados-moda-2024-800x800.webp\" class=\"attachment-medium_featured size-medium_featured skip-lazy wp-post-image\" alt=\"\" title=\"\" sizes=\"auto, (min-width: 690px) 50vw, 100vw\" srcset=\"https:\/\/esmmanbeauty.es\/wp-content\/uploads\/2013\/03\/peinados-moda-2024-800x800.webp 800w, https:\/\/esmmanbeauty.es\/wp-content\/uploads\/2013\/03\/peinados-moda-2024-150x150.webp 150w, https:\/\/esmmanbeauty.es\/wp-content\/uploads\/2013\/03\/peinados-moda-2024-140x140.webp 140w, https:\/\/esmmanbeauty.es\/wp-content\/uploads\/2013\/03\/peinados-moda-2024-100x100.webp 100w, https:\/\/esmmanbeauty.es\/wp-content\/uploads\/2013\/03\/peinados-moda-2024-500x500.webp 500w, https:\/\/esmmanbeauty.es\/wp-content\/uploads\/2013\/03\/peinados-moda-2024-350x350.webp 350w, https:\/\/esmmanbeauty.es\/wp-content\/uploads\/2013\/03\/peinados-moda-2024-1000x1000.webp 1000w, https:\/\/esmmanbeauty.es\/wp-content\/uploads\/2013\/03\/peinados-moda-2024-300x300.webp 300w\" \/><\/span>        \n        <div class=\"article-content-wrap\">\n          \n          <span class=\"meta-category\"><a class=\"moda\" href=\"https:\/\/esmmanbeauty.es\/en\/category\/moda\/\">Moda<\/a><\/span>          \n          <div class=\"post-header\">\n            <h3 class=\"title\"><a href=\"https:\/\/esmmanbeauty.es\/en\/moda\/peinados-tendencia-2024\/\"> Peinados que Marcan Tendencia en 2024<\/a><\/h3>\n                      <\/div>\n          \n        <\/div><!--article-content-wrap-->\n        \n      <\/div><!--\/content-inner-->\n        \n    <\/div><!--\/post-content-->\n      \n  <\/div><!--\/inner-wrap-->\n    \n<\/article>    \n    <\/div><!--\/posts container-->\n    \n      \n<\/div><!--\/post area-->\n\n  \n\n<\/div>\n\n<div id=\"fws_69de0fb682e75\" data-midnight=\"\" data-column-margin=\"default\" class=\"wpb_row vc_row-fluid vc_row inner_row\"  style=\"\"><div class=\"row-bg-wrap\"> <div class=\"row-bg\" ><\/div> <\/div><div class=\"row_col_wrap_12_inner col span_12  left\">\n\t<div style=\"margin-bottom: 20px; \" class=\"vc_col-sm-12 wpb_column column_container vc_column_container col child_column centered-text no-extra-padding inherit_tablet inherit_phone\"   data-padding-pos=\"all\" data-has-bg-color=\"false\" data-bg-color=\"\" data-bg-opacity=\"1\" data-animation=\"\" data-delay=\"0\" >\n\t\t<div class=\"vc_column-inner\" >\n\t\t<div class=\"wpb_wrapper\">\n\t\t\t<div class=\"nectar-cta  alignment_tablet_default alignment_phone_default display_tablet_inherit display_phone_inherit\" data-style=\"material\" data-alignment=\"center\" data-display=\"block\" data-text-color=\"custom\" ><h4> <span class=\"text\">\u00bfTe interesa? <\/span><span class=\"link_wrap\"  style=\"color: #784b58;\"><a  class=\"link_text\" role=\"button\" href=\"https:\/\/themenectar.com\/demo\/salient-corporate-2\/news\">Ver todos<span class=\"circle\"  style=\"background-color: #784b58;\"><\/span><span class=\"arrow\"><\/span><\/a><\/span><\/h4><\/div>\n\t\t<\/div> \n\t<\/div>\n\t<\/div> \n<\/div><\/div>\n\t\t\t<\/div> \n\t\t<\/div>\n\t<\/div> \n<\/div><\/div>","protected":false},"excerpt":{"rendered":"Ahora que ya tienes los productos esenciales de belleza, es hora de hablar de peinados. Este a\u00f1o, las tendencias en peinados para mujer son tan variadas que hay opciones para...","protected":false},"author":1,"featured_media":0,"parent":0,"menu_order":0,"comment_status":"closed","ping_status":"closed","template":"","meta":{"footnotes":""},"class_list":["post-1705","page","type-page","status-publish"],"yoast_head":"<!-- This site is optimized with the Yoast SEO plugin v26.8 - https:\/\/yoast.com\/product\/yoast-seo-wordpress\/ -->\n<title>Blog - Esmman Beauty<\/title>\n<meta name=\"description\" content=\"Consulta nuestro blog y aprende con nuestros art\u00edculos sobre peluquer\u00eda, est\u00e9tica, moda y nuevos productos en Esmman Beauty.\" \/>\n<meta name=\"robots\" content=\"index, follow, max-snippet:-1, max-image-preview:large, max-video-preview:-1\" \/>\n<link rel=\"canonical\" href=\"https:\/\/esmmanbeauty.es\/en\/blog\/\" \/>\n<meta property=\"og:locale\" content=\"en_GB\" \/>\n<meta property=\"og:type\" content=\"article\" \/>\n<meta property=\"og:title\" content=\"Blog - Esmman Beauty\" \/>\n<meta property=\"og:description\" content=\"Consulta nuestro blog y aprende con nuestros art\u00edculos sobre peluquer\u00eda, est\u00e9tica, moda y nuevos productos en Esmman Beauty.\" \/>\n<meta property=\"og:url\" content=\"https:\/\/esmmanbeauty.es\/en\/blog\/\" \/>\n<meta property=\"og:site_name\" content=\"Esmman Beauty\" \/>\n<meta property=\"article:modified_time\" content=\"2025-01-02T12:34:51+00:00\" \/>\n<meta name=\"twitter:card\" content=\"summary_large_image\" \/>\n<meta name=\"twitter:label1\" content=\"Estimated reading time\" \/>\n\t<meta name=\"twitter:data1\" content=\"1 minute\" \/>\n<script type=\"application\/ld+json\" class=\"yoast-schema-graph\">{\"@context\":\"https:\/\/schema.org\",\"@graph\":[{\"@type\":\"WebPage\",\"@id\":\"https:\/\/esmmanbeauty.es\/blog\/\",\"url\":\"https:\/\/esmmanbeauty.es\/blog\/\",\"name\":\"Blog - Esmman Beauty\",\"isPartOf\":{\"@id\":\"https:\/\/esmmanbeauty.es\/#website\"},\"datePublished\":\"2024-12-12T11:39:12+00:00\",\"dateModified\":\"2025-01-02T12:34:51+00:00\",\"description\":\"Consulta nuestro blog y aprende con nuestros art\u00edculos sobre peluquer\u00eda, est\u00e9tica, moda y nuevos productos en Esmman Beauty.\",\"breadcrumb\":{\"@id\":\"https:\/\/esmmanbeauty.es\/blog\/#breadcrumb\"},\"inLanguage\":\"en-GB\",\"potentialAction\":[{\"@type\":\"ReadAction\",\"target\":[\"https:\/\/esmmanbeauty.es\/blog\/\"]}]},{\"@type\":\"BreadcrumbList\",\"@id\":\"https:\/\/esmmanbeauty.es\/blog\/#breadcrumb\",\"itemListElement\":[{\"@type\":\"ListItem\",\"position\":1,\"name\":\"Portada\",\"item\":\"https:\/\/esmmanbeauty.es\/\"},{\"@type\":\"ListItem\",\"position\":2,\"name\":\"Blog\"}]},{\"@type\":\"WebSite\",\"@id\":\"https:\/\/esmmanbeauty.es\/#website\",\"url\":\"https:\/\/esmmanbeauty.es\/\",\"name\":\"Esmman Beauty\",\"description\":\"Asistencia y venta para profesionales de la peluquer\u00eda y la est\u00e9tica\",\"potentialAction\":[{\"@type\":\"SearchAction\",\"target\":{\"@type\":\"EntryPoint\",\"urlTemplate\":\"https:\/\/esmmanbeauty.es\/?s={search_term_string}\"},\"query-input\":{\"@type\":\"PropertyValueSpecification\",\"valueRequired\":true,\"valueName\":\"search_term_string\"}}],\"inLanguage\":\"en-GB\"}]}<\/script>\n<!-- \/ Yoast SEO plugin. -->","yoast_head_json":{"title":"Blog - Esmman Beauty","description":"Consulta nuestro blog y aprende con nuestros art\u00edculos sobre peluquer\u00eda, est\u00e9tica, moda y nuevos productos en Esmman Beauty.","robots":{"index":"index","follow":"follow","max-snippet":"max-snippet:-1","max-image-preview":"max-image-preview:large","max-video-preview":"max-video-preview:-1"},"canonical":"https:\/\/esmmanbeauty.es\/en\/blog\/","og_locale":"en_GB","og_type":"article","og_title":"Blog - Esmman Beauty","og_description":"Consulta nuestro blog y aprende con nuestros art\u00edculos sobre peluquer\u00eda, est\u00e9tica, moda y nuevos productos en Esmman Beauty.","og_url":"https:\/\/esmmanbeauty.es\/en\/blog\/","og_site_name":"Esmman Beauty","article_modified_time":"2025-01-02T12:34:51+00:00","twitter_card":"summary_large_image","twitter_misc":{"Estimated reading time":"1 minute"},"schema":{"@context":"https:\/\/schema.org","@graph":[{"@type":"WebPage","@id":"https:\/\/esmmanbeauty.es\/blog\/","url":"https:\/\/esmmanbeauty.es\/blog\/","name":"Blog - Esmman Beauty","isPartOf":{"@id":"https:\/\/esmmanbeauty.es\/#website"},"datePublished":"2024-12-12T11:39:12+00:00","dateModified":"2025-01-02T12:34:51+00:00","description":"Consulta nuestro blog y aprende con nuestros art\u00edculos sobre peluquer\u00eda, est\u00e9tica, moda y nuevos productos en Esmman Beauty.","breadcrumb":{"@id":"https:\/\/esmmanbeauty.es\/blog\/#breadcrumb"},"inLanguage":"en-GB","potentialAction":[{"@type":"ReadAction","target":["https:\/\/esmmanbeauty.es\/blog\/"]}]},{"@type":"BreadcrumbList","@id":"https:\/\/esmmanbeauty.es\/blog\/#breadcrumb","itemListElement":[{"@type":"ListItem","position":1,"name":"Portada","item":"https:\/\/esmmanbeauty.es\/"},{"@type":"ListItem","position":2,"name":"Blog"}]},{"@type":"WebSite","@id":"https:\/\/esmmanbeauty.es\/#website","url":"https:\/\/esmmanbeauty.es\/","name":"Esmman Beauty","description":"Asistencia y venta para profesionales de la peluquer\u00eda y la est\u00e9tica","potentialAction":[{"@type":"SearchAction","target":{"@type":"EntryPoint","urlTemplate":"https:\/\/esmmanbeauty.es\/?s={search_term_string}"},"query-input":{"@type":"PropertyValueSpecification","valueRequired":true,"valueName":"search_term_string"}}],"inLanguage":"en-GB"}]}},"_links":{"self":[{"href":"https:\/\/esmmanbeauty.es\/en\/wp-json\/wp\/v2\/pages\/1705","targetHints":{"allow":["GET"]}}],"collection":[{"href":"https:\/\/esmmanbeauty.es\/en\/wp-json\/wp\/v2\/pages"}],"about":[{"href":"https:\/\/esmmanbeauty.es\/en\/wp-json\/wp\/v2\/types\/page"}],"author":[{"embeddable":true,"href":"https:\/\/esmmanbeauty.es\/en\/wp-json\/wp\/v2\/users\/1"}],"replies":[{"embeddable":true,"href":"https:\/\/esmmanbeauty.es\/en\/wp-json\/wp\/v2\/comments?post=1705"}],"version-history":[{"count":9,"href":"https:\/\/esmmanbeauty.es\/en\/wp-json\/wp\/v2\/pages\/1705\/revisions"}],"predecessor-version":[{"id":6479,"href":"https:\/\/esmmanbeauty.es\/en\/wp-json\/wp\/v2\/pages\/1705\/revisions\/6479"}],"wp:attachment":[{"href":"https:\/\/esmmanbeauty.es\/en\/wp-json\/wp\/v2\/media?parent=1705"}],"curies":[{"name":"wp","href":"https:\/\/api.w.org\/{rel}","templated":true}]}}